{"id":103,"date":"2018-10-04T13:19:07","date_gmt":"2018-10-04T11:19:07","guid":{"rendered":"http:\/\/www.lifesubsed.com\/?page_id=103"},"modified":"2018-10-04T19:19:24","modified_gmt":"2018-10-04T17:19:24","slug":"viveros-caliplant","status":"publish","type":"page","link":"http:\/\/www.lifesubsed.com\/?page_id=103","title":{"rendered":"Viveros Caliplant"},"content":{"rendered":"<p><a href=\"http:\/\/www.viveroscaliplant.com\/\"><em><strong>Viveros Caliplant<\/strong><\/em><\/a>\u00a0\u00e8 un&#8217;azienda multidisciplinare. Le linee di business di Caliplant sono nate sulla base di un unico obiettivo: la soddisfazione del cliente.<\/p>\n<p><i>Vivaismo<br \/>\n<\/i>Caliplant \u00e8 specializzata nell&#8217;allevamento, produzione e commercializzazione di agrumi, melograni, alberi da frutto, olivi, viti e piante ornamentali.<\/p>\n<p><em>Innovazione<\/em><br \/>\nAl fine di offrire la migliore qualit\u00e0, Caliplant utilizza l&#8217;idroponica altamente avanzata assieme alla fibra di cocco. Inoltre, \u00e8 specializzata nella ricerca, sviluppo e registrazione di nuove variet\u00e0 di piante.<\/p>\n<p><em>Fornitura<\/em><br \/>\nCaliplant offre prodotti di altissima qualit\u00e0 a prezzi molto competitivi. Se il cliente ha buoni materiali, la probabilit\u00e0 di successo per il suo business \u00e8 molto maggiore.<\/p>\n<p><i>Consulenza completa<br \/>\n<\/i>Caliplant possiede un team di esperti in diversi settori, che le consente di offrire consulenza lungo tutto il ciclo di produzione agricola: progettazione di piantagioni, consulenza varietale, ottimizzazione degli impianti, ottimizzazione dei terreni, irrigazione, salute delle piante, mercati internazionali, ecc. Siamo specializzati nella coltivazione di frutta e verdura, nelle tecniche di coltura idroponica, nel vivaismo e nella produzione di agrumi e melograno.<\/p>","protected":false},"excerpt":{"rendered":"<p>Viveros Caliplant\u00a0\u00e8 un&#8217;azienda multidisciplinare. Le linee di business di Caliplant sono nate sulla base di un unico obiettivo: la soddisfazione del cliente. Vivaismo Caliplant \u00e8 specializzata nell&#8217;allevamento, produzione e commercializzazione di agrumi, melograni, alberi da frutto, olivi, viti e piante ornamentali. Innovazione Al fine di offrire la migliore qualit\u00e0, Caliplant utilizza l&#8217;idroponica altamente avanzata assieme &hellip; <\/p>\n<p class=\"link-more\"><a href=\"http:\/\/www.lifesubsed.com\/?page_id=103\" class=\"more-link\">Leggi tutto<span class=\"screen-reader-text\"> &#8220;Viveros Caliplant&#8221;<\/span><\/a><\/p>\n","protected":false},"author":1,"featured_media":107,"parent":0,"menu_order":0,"comment_status":"closed","ping_status":"closed","template":"","meta":[],"yoast_head":"<!-- This site is optimized with the Yoast SEO plugin v16.7 - https:\/\/yoast.com\/wordpress\/plugins\/seo\/ -->\n<title>Viveros Caliplant - Life Subsed<\/title>\n<meta name=\"robots\" content=\"index, follow, max-snippet:-1, max-image-preview:large, max-video-preview:-1\" \/>\n<link rel=\"canonical\" href=\"http:\/\/www.lifesubsed.com\/?page_id=103&#038;lang=en\" \/>\n<meta property=\"og:locale\" content=\"it_IT\" \/>\n<meta property=\"og:type\" content=\"article\" \/>\n<meta property=\"og:title\" content=\"Viveros Caliplant - Life Subsed\" \/>\n<meta property=\"og:description\" content=\"Viveros Caliplant\u00a0\u00e8 un&#8217;azienda multidisciplinare. Le linee di business di Caliplant sono nate sulla base di un unico obiettivo: la soddisfazione del cliente. Vivaismo Caliplant \u00e8 specializzata nell&#8217;allevamento, produzione e commercializzazione di agrumi, melograni, alberi da frutto, olivi, viti e piante ornamentali. Innovazione Al fine di offrire la migliore qualit\u00e0, Caliplant utilizza l&#8217;idroponica altamente avanzata assieme &hellip; Leggi tutto &quot;Viveros Caliplant&quot;\" \/>\n<meta property=\"og:url\" content=\"http:\/\/www.lifesubsed.com\/?page_id=103&amp;lang=en\" \/>\n<meta property=\"og:site_name\" content=\"Life Subsed\" \/>\n<meta property=\"article:modified_time\" content=\"2018-10-04T17:19:24+00:00\" \/>\n<meta property=\"og:image\" content=\"http:\/\/www.lifesubsed.com\/wp-content\/uploads\/2018\/10\/logo_web.png\" \/>\n\t<meta property=\"og:image:width\" content=\"1183\" \/>\n\t<meta property=\"og:image:height\" content=\"537\" \/>\n<meta name=\"twitter:card\" content=\"summary_large_image\" \/>\n<meta name=\"twitter:label1\" content=\"Tempo di lettura stimato\" \/>\n\t<meta name=\"twitter:data1\" content=\"2 minutes\" \/>\n<script type=\"application\/ld+json\" class=\"yoast-schema-graph\">{\"@context\":\"https:\/\/schema.org\",\"@graph\":[{\"@type\":\"WebSite\",\"@id\":\"http:\/\/www.lifesubsed.com\/#website\",\"url\":\"http:\/\/www.lifesubsed.com\/\",\"name\":\"Life Subsed\",\"description\":\"Sustainable substrates for agriculture from dredged remediated marine sediments: from ports to pots\",\"potentialAction\":[{\"@type\":\"SearchAction\",\"target\":{\"@type\":\"EntryPoint\",\"urlTemplate\":\"http:\/\/www.lifesubsed.com\/?s={search_term_string}\"},\"query-input\":\"required name=search_term_string\"}],\"inLanguage\":\"it-IT\"},{\"@type\":\"ImageObject\",\"@id\":\"http:\/\/www.lifesubsed.com\/?page_id=103&lang=en#primaryimage\",\"inLanguage\":\"it-IT\",\"url\":\"http:\/\/www.lifesubsed.com\/wp-content\/uploads\/2018\/10\/logo_web.png\",\"contentUrl\":\"http:\/\/www.lifesubsed.com\/wp-content\/uploads\/2018\/10\/logo_web.png\",\"width\":1183,\"height\":537},{\"@type\":\"WebPage\",\"@id\":\"http:\/\/www.lifesubsed.com\/?page_id=103&lang=en#webpage\",\"url\":\"http:\/\/www.lifesubsed.com\/?page_id=103&lang=en\",\"name\":\"Viveros Caliplant - Life Subsed\",\"isPartOf\":{\"@id\":\"http:\/\/www.lifesubsed.com\/#website\"},\"primaryImageOfPage\":{\"@id\":\"http:\/\/www.lifesubsed.com\/?page_id=103&lang=en#primaryimage\"},\"datePublished\":\"2018-10-04T11:19:07+00:00\",\"dateModified\":\"2018-10-04T17:19:24+00:00\",\"breadcrumb\":{\"@id\":\"http:\/\/www.lifesubsed.com\/?page_id=103&lang=en#breadcrumb\"},\"inLanguage\":\"it-IT\",\"potentialAction\":[{\"@type\":\"ReadAction\",\"target\":[\"http:\/\/www.lifesubsed.com\/?page_id=103&lang=en\"]}]},{\"@type\":\"BreadcrumbList\",\"@id\":\"http:\/\/www.lifesubsed.com\/?page_id=103&lang=en#breadcrumb\",\"itemListElement\":[{\"@type\":\"ListItem\",\"position\":1,\"name\":\"Home\",\"item\":\"http:\/\/www.lifesubsed.com\/\"},{\"@type\":\"ListItem\",\"position\":2,\"name\":\"Viveros Caliplant\"}]}]}<\/script>\n<!-- \/ Yoast SEO plugin. -->","yoast_head_json":{"title":"Viveros Caliplant - Life Subsed","robots":{"index":"index","follow":"follow","max-snippet":"max-snippet:-1","max-image-preview":"max-image-preview:large","max-video-preview":"max-video-preview:-1"},"canonical":"http:\/\/www.lifesubsed.com\/?page_id=103&lang=en","og_locale":"it_IT","og_type":"article","og_title":"Viveros Caliplant - Life Subsed","og_description":"Viveros Caliplant\u00a0\u00e8 un&#8217;azienda multidisciplinare. Le linee di business di Caliplant sono nate sulla base di un unico obiettivo: la soddisfazione del cliente. Vivaismo Caliplant \u00e8 specializzata nell&#8217;allevamento, produzione e commercializzazione di agrumi, melograni, alberi da frutto, olivi, viti e piante ornamentali. Innovazione Al fine di offrire la migliore qualit\u00e0, Caliplant utilizza l&#8217;idroponica altamente avanzata assieme &hellip; Leggi tutto \"Viveros Caliplant\"","og_url":"http:\/\/www.lifesubsed.com\/?page_id=103&lang=en","og_site_name":"Life Subsed","article_modified_time":"2018-10-04T17:19:24+00:00","og_image":[{"width":1183,"height":537,"url":"http:\/\/www.lifesubsed.com\/wp-content\/uploads\/2018\/10\/logo_web.png","path":"\/var\/www\/lifesubsed.com\/wp-content\/uploads\/2018\/10\/logo_web.png","size":"full","id":107,"alt":"","pixels":635271,"type":"image\/png"}],"twitter_card":"summary_large_image","twitter_misc":{"Tempo di lettura stimato":"2 minutes"},"schema":{"@context":"https:\/\/schema.org","@graph":[{"@type":"WebSite","@id":"http:\/\/www.lifesubsed.com\/#website","url":"http:\/\/www.lifesubsed.com\/","name":"Life Subsed","description":"Sustainable substrates for agriculture from dredged remediated marine sediments: from ports to pots","potentialAction":[{"@type":"SearchAction","target":{"@type":"EntryPoint","urlTemplate":"http:\/\/www.lifesubsed.com\/?s={search_term_string}"},"query-input":"required name=search_term_string"}],"inLanguage":"it-IT"},{"@type":"ImageObject","@id":"http:\/\/www.lifesubsed.com\/?page_id=103&lang=en#primaryimage","inLanguage":"it-IT","url":"http:\/\/www.lifesubsed.com\/wp-content\/uploads\/2018\/10\/logo_web.png","contentUrl":"http:\/\/www.lifesubsed.com\/wp-content\/uploads\/2018\/10\/logo_web.png","width":1183,"height":537},{"@type":"WebPage","@id":"http:\/\/www.lifesubsed.com\/?page_id=103&lang=en#webpage","url":"http:\/\/www.lifesubsed.com\/?page_id=103&lang=en","name":"Viveros Caliplant - Life Subsed","isPartOf":{"@id":"http:\/\/www.lifesubsed.com\/#website"},"primaryImageOfPage":{"@id":"http:\/\/www.lifesubsed.com\/?page_id=103&lang=en#primaryimage"},"datePublished":"2018-10-04T11:19:07+00:00","dateModified":"2018-10-04T17:19:24+00:00","breadcrumb":{"@id":"http:\/\/www.lifesubsed.com\/?page_id=103&lang=en#breadcrumb"},"inLanguage":"it-IT","potentialAction":[{"@type":"ReadAction","target":["http:\/\/www.lifesubsed.com\/?page_id=103&lang=en"]}]},{"@type":"BreadcrumbList","@id":"http:\/\/www.lifesubsed.com\/?page_id=103&lang=en#breadcrumb","itemListElement":[{"@type":"ListItem","position":1,"name":"Home","item":"http:\/\/www.lifesubsed.com\/"},{"@type":"ListItem","position":2,"name":"Viveros Caliplant"}]}]}},"_links":{"self":[{"href":"http:\/\/www.lifesubsed.com\/index.php?rest_route=\/wp\/v2\/pages\/103"}],"collection":[{"href":"http:\/\/www.lifesubsed.com\/index.php?rest_route=\/wp\/v2\/pages"}],"about":[{"href":"http:\/\/www.lifesubsed.com\/index.php?rest_route=\/wp\/v2\/types\/page"}],"author":[{"embeddable":true,"href":"http:\/\/www.lifesubsed.com\/index.php?rest_route=\/wp\/v2\/users\/1"}],"replies":[{"embeddable":true,"href":"http:\/\/www.lifesubsed.com\/index.php?rest_route=%2Fwp%2Fv2%2Fcomments&post=103"}],"version-history":[{"count":5,"href":"http:\/\/www.lifesubsed.com\/index.php?rest_route=\/wp\/v2\/pages\/103\/revisions"}],"predecessor-version":[{"id":171,"href":"http:\/\/www.lifesubsed.com\/index.php?rest_route=\/wp\/v2\/pages\/103\/revisions\/171"}],"wp:featuredmedia":[{"embeddable":true,"href":"http:\/\/www.lifesubsed.com\/index.php?rest_route=\/wp\/v2\/media\/107"}],"wp:attachment":[{"href":"http:\/\/www.lifesubsed.com\/index.php?rest_route=%2Fwp%2Fv2%2Fmedia&parent=103"}],"curies":[{"name":"wp","href":"https:\/\/api.w.org\/{rel}","templated":true}]}}