{"id":108,"date":"2018-10-04T13:27:28","date_gmt":"2018-10-04T11:27:28","guid":{"rendered":"http:\/\/www.lifesubsed.com\/?page_id=108"},"modified":"2018-10-19T11:56:16","modified_gmt":"2018-10-19T09:56:16","slug":"crea","status":"publish","type":"page","link":"http:\/\/www.lifesubsed.com\/?page_id=108","title":{"rendered":"CREA"},"content":{"rendered":"<p>Il <em><strong><a href=\"https:\/\/www.crea.gov.it\/it\">CREA<\/a> <\/strong><\/em><em><strong>CENTRO DI RICERCA ORTICOLTURA E FLOROVIVAISMO\u00a0<\/strong><\/em>\u00e8 stato istituito nel 2017 all&#8217;interno del CREA (Consiglio per la ricerca in agricoltura e l&#8217;analisi dell&#8217;economia agraria), che opera sotto la supervisione del Ministero dell&#8217;Agricoltura italiano con competenze scientifiche nei settori dell&#8217;agricoltura, dell&#8217;agroindustria, dell&#8217;alimentazione, della pesca e della silvicoltura.<br \/>\nIl CREA CENTRO DI RICERCA ORTICOLTURA E FLOROVIVAISMO comprende 4 unit\u00e0 di ricerca, situate a Pontecagnano (SA), Monsampolo (AP), Sanremo (IM) e Pescia (PT), che svolgono attivit\u00e0 di ricerca su allevamento, genetica molecolare, propagazione, agronomia, coltivazione in serra e patologia nell&#8217;ambito della produzione di ortaggi, fiori, piante ornamentali, aromatiche e vivaistiche.<\/p>\n<p>Il Centro Ricerche CREA situato a Pescia ha avviato la sua attivit\u00e0 nel 1969 come unit\u00e0 periferica di ricerca dell&#8217;Istituto Sperimentale per la Floricoltura di Sanremo.<br \/>\nPer quanto concerne l&#8217;ambito del progetto, questa unit\u00e0 svolge attivit\u00e0 di ricerca sulle tecniche di coltivazione per la produzione vivaistica &#8211; in particolare per la riduzione dell&#8217;impatto ambientale e il miglioramento della qualit\u00e0 &#8211; e su substrati innovativi per la produzione di piante in vaso &#8211; valutazione di substrati organici (compost, residui vegetali) e materiali inorganici (zeoliti) come sostituti della torba. Altre attivit\u00e0 di ricerca comprendono l&#8217;allevamento e la selezione di specie per l&#8217;abbellimento ambientale; sviluppo di genomica e tecnologie di biologia molecolare; uso di microrganismi simbiotici ed endofitici per migliorare l&#8217;immunit\u00e0 e la tolleranza delle piante allo stress biotico e abiotico; valutazione dell&#8217;adattabilit\u00e0 per l&#8217;ambiente urbano e capacit\u00e0 di ridurre i rischi di agenti patogeni diffusi nelle specie vegetali; risparmio energetico nella produzione agricola mediante l&#8217;uso di pannelli solari, nuovi sistemi di riscaldamento delle zone di radice e prototipi per la deumidificazione dell&#8217;aria; miglioramento dell&#8217;efficienza nell&#8217;uso dell&#8217;acqua.<\/p>\n<p>L&#8217;Unit\u00e0 di Ricerca di Pescia ha molti laboratori altamente specializzati per studi chimici, fisici, biologici e molecolari, camere di crescita e serre.<\/p>","protected":false},"excerpt":{"rendered":"<p>Il CREA CENTRO DI RICERCA ORTICOLTURA E FLOROVIVAISMO\u00a0\u00e8 stato istituito nel 2017 all&#8217;interno del CREA (Consiglio per la ricerca in agricoltura e l&#8217;analisi dell&#8217;economia agraria), che opera sotto la supervisione del Ministero dell&#8217;Agricoltura italiano con competenze scientifiche nei settori dell&#8217;agricoltura, dell&#8217;agroindustria, dell&#8217;alimentazione, della pesca e della silvicoltura. Il CREA CENTRO DI RICERCA ORTICOLTURA E FLOROVIVAISMO &hellip; <\/p>\n<p class=\"link-more\"><a href=\"http:\/\/www.lifesubsed.com\/?page_id=108\" class=\"more-link\">Leggi tutto<span class=\"screen-reader-text\"> &#8220;CREA&#8221;<\/span><\/a><\/p>\n","protected":false},"author":1,"featured_media":109,"parent":0,"menu_order":0,"comment_status":"closed","ping_status":"closed","template":"","meta":[],"yoast_head":"<!-- This site is optimized with the Yoast SEO plugin v16.7 - https:\/\/yoast.com\/wordpress\/plugins\/seo\/ -->\n<title>CREA - Life Subsed<\/title>\n<meta name=\"robots\" content=\"index, follow, max-snippet:-1, max-image-preview:large, max-video-preview:-1\" \/>\n<link rel=\"canonical\" href=\"http:\/\/www.lifesubsed.com\/?page_id=108&#038;lang=en\" \/>\n<meta property=\"og:locale\" content=\"it_IT\" \/>\n<meta property=\"og:type\" content=\"article\" \/>\n<meta property=\"og:title\" content=\"CREA - Life Subsed\" \/>\n<meta property=\"og:description\" content=\"Il CREA CENTRO DI RICERCA ORTICOLTURA E FLOROVIVAISMO\u00a0\u00e8 stato istituito nel 2017 all&#8217;interno del CREA (Consiglio per la ricerca in agricoltura e l&#8217;analisi dell&#8217;economia agraria), che opera sotto la supervisione del Ministero dell&#8217;Agricoltura italiano con competenze scientifiche nei settori dell&#8217;agricoltura, dell&#8217;agroindustria, dell&#8217;alimentazione, della pesca e della silvicoltura. Il CREA CENTRO DI RICERCA ORTICOLTURA E FLOROVIVAISMO &hellip; Leggi tutto &quot;CREA&quot;\" \/>\n<meta property=\"og:url\" content=\"http:\/\/www.lifesubsed.com\/?page_id=108&amp;lang=en\" \/>\n<meta property=\"og:site_name\" content=\"Life Subsed\" \/>\n<meta property=\"article:modified_time\" content=\"2018-10-19T09:56:16+00:00\" \/>\n<meta property=\"og:image\" content=\"http:\/\/www.lifesubsed.com\/wp-content\/uploads\/2018\/10\/crea.png\" \/>\n\t<meta property=\"og:image:width\" content=\"919\" \/>\n\t<meta property=\"og:image:height\" content=\"182\" \/>\n<meta name=\"twitter:card\" content=\"summary_large_image\" \/>\n<meta name=\"twitter:label1\" content=\"Tempo di lettura stimato\" \/>\n\t<meta name=\"twitter:data1\" content=\"5 minutes\" \/>\n<script type=\"application\/ld+json\" class=\"yoast-schema-graph\">{\"@context\":\"https:\/\/schema.org\",\"@graph\":[{\"@type\":\"WebSite\",\"@id\":\"http:\/\/www.lifesubsed.com\/#website\",\"url\":\"http:\/\/www.lifesubsed.com\/\",\"name\":\"Life Subsed\",\"description\":\"Sustainable substrates for agriculture from dredged remediated marine sediments: from ports to pots\",\"potentialAction\":[{\"@type\":\"SearchAction\",\"target\":{\"@type\":\"EntryPoint\",\"urlTemplate\":\"http:\/\/www.lifesubsed.com\/?s={search_term_string}\"},\"query-input\":\"required name=search_term_string\"}],\"inLanguage\":\"it-IT\"},{\"@type\":\"ImageObject\",\"@id\":\"http:\/\/www.lifesubsed.com\/?page_id=108&lang=en#primaryimage\",\"inLanguage\":\"it-IT\",\"url\":\"http:\/\/www.lifesubsed.com\/wp-content\/uploads\/2018\/10\/crea.png\",\"contentUrl\":\"http:\/\/www.lifesubsed.com\/wp-content\/uploads\/2018\/10\/crea.png\",\"width\":919,\"height\":182},{\"@type\":\"WebPage\",\"@id\":\"http:\/\/www.lifesubsed.com\/?page_id=108&lang=en#webpage\",\"url\":\"http:\/\/www.lifesubsed.com\/?page_id=108&lang=en\",\"name\":\"CREA - Life Subsed\",\"isPartOf\":{\"@id\":\"http:\/\/www.lifesubsed.com\/#website\"},\"primaryImageOfPage\":{\"@id\":\"http:\/\/www.lifesubsed.com\/?page_id=108&lang=en#primaryimage\"},\"datePublished\":\"2018-10-04T11:27:28+00:00\",\"dateModified\":\"2018-10-19T09:56:16+00:00\",\"breadcrumb\":{\"@id\":\"http:\/\/www.lifesubsed.com\/?page_id=108&lang=en#breadcrumb\"},\"inLanguage\":\"it-IT\",\"potentialAction\":[{\"@type\":\"ReadAction\",\"target\":[\"http:\/\/www.lifesubsed.com\/?page_id=108&lang=en\"]}]},{\"@type\":\"BreadcrumbList\",\"@id\":\"http:\/\/www.lifesubsed.com\/?page_id=108&lang=en#breadcrumb\",\"itemListElement\":[{\"@type\":\"ListItem\",\"position\":1,\"name\":\"Home\",\"item\":\"http:\/\/www.lifesubsed.com\/\"},{\"@type\":\"ListItem\",\"position\":2,\"name\":\"CREA\"}]}]}<\/script>\n<!-- \/ Yoast SEO plugin. -->","yoast_head_json":{"title":"CREA - Life Subsed","robots":{"index":"index","follow":"follow","max-snippet":"max-snippet:-1","max-image-preview":"max-image-preview:large","max-video-preview":"max-video-preview:-1"},"canonical":"http:\/\/www.lifesubsed.com\/?page_id=108&lang=en","og_locale":"it_IT","og_type":"article","og_title":"CREA - Life Subsed","og_description":"Il CREA CENTRO DI RICERCA ORTICOLTURA E FLOROVIVAISMO\u00a0\u00e8 stato istituito nel 2017 all&#8217;interno del CREA (Consiglio per la ricerca in agricoltura e l&#8217;analisi dell&#8217;economia agraria), che opera sotto la supervisione del Ministero dell&#8217;Agricoltura italiano con competenze scientifiche nei settori dell&#8217;agricoltura, dell&#8217;agroindustria, dell&#8217;alimentazione, della pesca e della silvicoltura. Il CREA CENTRO DI RICERCA ORTICOLTURA E FLOROVIVAISMO &hellip; Leggi tutto \"CREA\"","og_url":"http:\/\/www.lifesubsed.com\/?page_id=108&lang=en","og_site_name":"Life Subsed","article_modified_time":"2018-10-19T09:56:16+00:00","og_image":[{"width":919,"height":182,"url":"http:\/\/www.lifesubsed.com\/wp-content\/uploads\/2018\/10\/crea.png","path":"\/var\/www\/lifesubsed.com\/wp-content\/uploads\/2018\/10\/crea.png","size":"full","id":109,"alt":"","pixels":167258,"type":"image\/png"}],"twitter_card":"summary_large_image","twitter_misc":{"Tempo di lettura stimato":"5 minutes"},"schema":{"@context":"https:\/\/schema.org","@graph":[{"@type":"WebSite","@id":"http:\/\/www.lifesubsed.com\/#website","url":"http:\/\/www.lifesubsed.com\/","name":"Life Subsed","description":"Sustainable substrates for agriculture from dredged remediated marine sediments: from ports to pots","potentialAction":[{"@type":"SearchAction","target":{"@type":"EntryPoint","urlTemplate":"http:\/\/www.lifesubsed.com\/?s={search_term_string}"},"query-input":"required name=search_term_string"}],"inLanguage":"it-IT"},{"@type":"ImageObject","@id":"http:\/\/www.lifesubsed.com\/?page_id=108&lang=en#primaryimage","inLanguage":"it-IT","url":"http:\/\/www.lifesubsed.com\/wp-content\/uploads\/2018\/10\/crea.png","contentUrl":"http:\/\/www.lifesubsed.com\/wp-content\/uploads\/2018\/10\/crea.png","width":919,"height":182},{"@type":"WebPage","@id":"http:\/\/www.lifesubsed.com\/?page_id=108&lang=en#webpage","url":"http:\/\/www.lifesubsed.com\/?page_id=108&lang=en","name":"CREA - Life Subsed","isPartOf":{"@id":"http:\/\/www.lifesubsed.com\/#website"},"primaryImageOfPage":{"@id":"http:\/\/www.lifesubsed.com\/?page_id=108&lang=en#primaryimage"},"datePublished":"2018-10-04T11:27:28+00:00","dateModified":"2018-10-19T09:56:16+00:00","breadcrumb":{"@id":"http:\/\/www.lifesubsed.com\/?page_id=108&lang=en#breadcrumb"},"inLanguage":"it-IT","potentialAction":[{"@type":"ReadAction","target":["http:\/\/www.lifesubsed.com\/?page_id=108&lang=en"]}]},{"@type":"BreadcrumbList","@id":"http:\/\/www.lifesubsed.com\/?page_id=108&lang=en#breadcrumb","itemListElement":[{"@type":"ListItem","position":1,"name":"Home","item":"http:\/\/www.lifesubsed.com\/"},{"@type":"ListItem","position":2,"name":"CREA"}]}]}},"_links":{"self":[{"href":"http:\/\/www.lifesubsed.com\/index.php?rest_route=\/wp\/v2\/pages\/108"}],"collection":[{"href":"http:\/\/www.lifesubsed.com\/index.php?rest_route=\/wp\/v2\/pages"}],"about":[{"href":"http:\/\/www.lifesubsed.com\/index.php?rest_route=\/wp\/v2\/types\/page"}],"author":[{"embeddable":true,"href":"http:\/\/www.lifesubsed.com\/index.php?rest_route=\/wp\/v2\/users\/1"}],"replies":[{"embeddable":true,"href":"http:\/\/www.lifesubsed.com\/index.php?rest_route=%2Fwp%2Fv2%2Fcomments&post=108"}],"version-history":[{"count":6,"href":"http:\/\/www.lifesubsed.com\/index.php?rest_route=\/wp\/v2\/pages\/108\/revisions"}],"predecessor-version":[{"id":277,"href":"http:\/\/www.lifesubsed.com\/index.php?rest_route=\/wp\/v2\/pages\/108\/revisions\/277"}],"wp:featuredmedia":[{"embeddable":true,"href":"http:\/\/www.lifesubsed.com\/index.php?rest_route=\/wp\/v2\/media\/109"}],"wp:attachment":[{"href":"http:\/\/www.lifesubsed.com\/index.php?rest_route=%2Fwp%2Fv2%2Fmedia&parent=108"}],"curies":[{"name":"wp","href":"https:\/\/api.w.org\/{rel}","templated":true}]}}