{"id":117,"date":"2018-10-04T13:34:02","date_gmt":"2018-10-04T11:34:02","guid":{"rendered":"http:\/\/www.lifesubsed.com\/?page_id=117"},"modified":"2018-10-04T18:27:03","modified_gmt":"2018-10-04T16:27:03","slug":"carbonsink","status":"publish","type":"page","link":"http:\/\/www.lifesubsed.com\/?page_id=117","title":{"rendered":"Carbonsink"},"content":{"rendered":"<p><a href=\"https:\/\/www.carbonsink.it\"><em><strong>CarbonSinkGroup S.r.l.<\/strong><\/em><\/a>\u00a0\u00e8 una societ\u00e0 di consulenza altamente specializzata focalizzata sullo sviluppo di strategie di sostenibilit\u00e0 e sulla riduzione degli impatti ambientali. Grazie al riconoscimento come spin-off accademico dell&#8217;Universit\u00e0 di Firenze, Dipartimento di produzione agroalimentare e scienze ambientali, ed al background professionale del suo staff, CarbonSink possiede una vasta esperienza nello sviluppo di progetti e prodotti volti a ridurre l&#8217;impatto ambientale, con particolare attenzione alla mitigazione delle emissioni di gas a effetto serra (GHG).<\/p>\n<p>CarbonSink ha una vasta esperienza nella progettazione e implementazione di progetti agroalimentari e agroforestali, finalizzati a ridurre gli impatti lungo la catena di approvvigionamento, legati alle produzioni alimentari. Inoltre, CarbonSink lavora nel settore della finanza climatica, con diversi progetti attivi che hanno ottenuto con successo una riduzione certificata delle emissioni. Sulla base delle esigenze manifestate dai propri clienti, i progetti principali di CarbonSink sono situati principalmente in Italia, Africa e America Latina (ad esempio Mozambico, Ghana, Senegal, Kenya, Bolivia, Per\u00f9).<\/p>\n<p>CarbonSink \u00e8 membro di IETA (International Emission Trading Association) ed \u00e8 l&#8217;unica societ\u00e0 italiana accettata come membro di ICROA (International Carbon Reduction and Offset Alliance).<\/p>\n<p>La consulenza di CarbonSink spazia nei seguenti campi:<\/p>\n<ul>\n<li>Finanza del clima<\/li>\n<li>Progetti di adattamento e mitigazione dei cambiamenti climatici<\/li>\n<li>Valutazione di impatto ambientale<\/li>\n<li>Analisi della filiera alimentare<\/li>\n<\/ul>\n<p><\/p>","protected":false},"excerpt":{"rendered":"<p>CarbonSinkGroup S.r.l.\u00a0\u00e8 una societ\u00e0 di consulenza altamente specializzata focalizzata sullo sviluppo di strategie di sostenibilit\u00e0 e sulla riduzione degli impatti ambientali. Grazie al riconoscimento come spin-off accademico dell&#8217;Universit\u00e0 di Firenze, Dipartimento di produzione agroalimentare e scienze ambientali, ed al background professionale del suo staff, CarbonSink possiede una vasta esperienza nello sviluppo di progetti e prodotti &hellip; <\/p>\n<p class=\"link-more\"><a href=\"http:\/\/www.lifesubsed.com\/?page_id=117\" class=\"more-link\">Leggi tutto<span class=\"screen-reader-text\"> &#8220;Carbonsink&#8221;<\/span><\/a><\/p>\n","protected":false},"author":1,"featured_media":140,"parent":0,"menu_order":0,"comment_status":"closed","ping_status":"closed","template":"","meta":[],"yoast_head":"<!-- This site is optimized with the Yoast SEO plugin v16.7 - https:\/\/yoast.com\/wordpress\/plugins\/seo\/ -->\n<title>Carbonsink - Life Subsed<\/title>\n<meta name=\"robots\" content=\"index, follow, max-snippet:-1, max-image-preview:large, max-video-preview:-1\" \/>\n<link rel=\"canonical\" href=\"http:\/\/www.lifesubsed.com\/?page_id=117\" \/>\n<meta property=\"og:locale\" content=\"it_IT\" \/>\n<meta property=\"og:type\" content=\"article\" \/>\n<meta property=\"og:title\" content=\"Carbonsink - Life Subsed\" \/>\n<meta property=\"og:description\" content=\"CarbonSinkGroup S.r.l.\u00a0\u00e8 una societ\u00e0 di consulenza altamente specializzata focalizzata sullo sviluppo di strategie di sostenibilit\u00e0 e sulla riduzione degli impatti ambientali. Grazie al riconoscimento come spin-off accademico dell&#8217;Universit\u00e0 di Firenze, Dipartimento di produzione agroalimentare e scienze ambientali, ed al background professionale del suo staff, CarbonSink possiede una vasta esperienza nello sviluppo di progetti e prodotti &hellip; Leggi tutto &quot;Carbonsink&quot;\" \/>\n<meta property=\"og:url\" content=\"http:\/\/www.lifesubsed.com\/?page_id=117\" \/>\n<meta property=\"og:site_name\" content=\"Life Subsed\" \/>\n<meta property=\"article:modified_time\" content=\"2018-10-04T16:27:03+00:00\" \/>\n<meta property=\"og:image\" content=\"http:\/\/www.lifesubsed.com\/wp-content\/uploads\/2018\/10\/carbonsink_rgb.jpg\" \/>\n\t<meta property=\"og:image:width\" content=\"600\" \/>\n\t<meta property=\"og:image:height\" content=\"120\" \/>\n<meta name=\"twitter:card\" content=\"summary_large_image\" \/>\n<meta name=\"twitter:label1\" content=\"Tempo di lettura stimato\" \/>\n\t<meta name=\"twitter:data1\" content=\"3 minutes\" \/>\n<script type=\"application\/ld+json\" class=\"yoast-schema-graph\">{\"@context\":\"https:\/\/schema.org\",\"@graph\":[{\"@type\":\"WebSite\",\"@id\":\"http:\/\/www.lifesubsed.com\/#website\",\"url\":\"http:\/\/www.lifesubsed.com\/\",\"name\":\"Life Subsed\",\"description\":\"Sustainable substrates for agriculture from dredged remediated marine sediments: from ports to pots\",\"potentialAction\":[{\"@type\":\"SearchAction\",\"target\":{\"@type\":\"EntryPoint\",\"urlTemplate\":\"http:\/\/www.lifesubsed.com\/?s={search_term_string}\"},\"query-input\":\"required name=search_term_string\"}],\"inLanguage\":\"it-IT\"},{\"@type\":\"ImageObject\",\"@id\":\"http:\/\/www.lifesubsed.com\/?page_id=117#primaryimage\",\"inLanguage\":\"it-IT\",\"url\":\"http:\/\/www.lifesubsed.com\/wp-content\/uploads\/2018\/10\/carbonsink_rgb.jpg\",\"contentUrl\":\"http:\/\/www.lifesubsed.com\/wp-content\/uploads\/2018\/10\/carbonsink_rgb.jpg\",\"width\":600,\"height\":120},{\"@type\":\"WebPage\",\"@id\":\"http:\/\/www.lifesubsed.com\/?page_id=117#webpage\",\"url\":\"http:\/\/www.lifesubsed.com\/?page_id=117\",\"name\":\"Carbonsink - Life Subsed\",\"isPartOf\":{\"@id\":\"http:\/\/www.lifesubsed.com\/#website\"},\"primaryImageOfPage\":{\"@id\":\"http:\/\/www.lifesubsed.com\/?page_id=117#primaryimage\"},\"datePublished\":\"2018-10-04T11:34:02+00:00\",\"dateModified\":\"2018-10-04T16:27:03+00:00\",\"breadcrumb\":{\"@id\":\"http:\/\/www.lifesubsed.com\/?page_id=117#breadcrumb\"},\"inLanguage\":\"it-IT\",\"potentialAction\":[{\"@type\":\"ReadAction\",\"target\":[\"http:\/\/www.lifesubsed.com\/?page_id=117\"]}]},{\"@type\":\"BreadcrumbList\",\"@id\":\"http:\/\/www.lifesubsed.com\/?page_id=117#breadcrumb\",\"itemListElement\":[{\"@type\":\"ListItem\",\"position\":1,\"name\":\"Home\",\"item\":\"http:\/\/www.lifesubsed.com\/\"},{\"@type\":\"ListItem\",\"position\":2,\"name\":\"Carbonsink\"}]}]}<\/script>\n<!-- \/ Yoast SEO plugin. -->","yoast_head_json":{"title":"Carbonsink - Life Subsed","robots":{"index":"index","follow":"follow","max-snippet":"max-snippet:-1","max-image-preview":"max-image-preview:large","max-video-preview":"max-video-preview:-1"},"canonical":"http:\/\/www.lifesubsed.com\/?page_id=117","og_locale":"it_IT","og_type":"article","og_title":"Carbonsink - Life Subsed","og_description":"CarbonSinkGroup S.r.l.\u00a0\u00e8 una societ\u00e0 di consulenza altamente specializzata focalizzata sullo sviluppo di strategie di sostenibilit\u00e0 e sulla riduzione degli impatti ambientali. Grazie al riconoscimento come spin-off accademico dell&#8217;Universit\u00e0 di Firenze, Dipartimento di produzione agroalimentare e scienze ambientali, ed al background professionale del suo staff, CarbonSink possiede una vasta esperienza nello sviluppo di progetti e prodotti &hellip; Leggi tutto \"Carbonsink\"","og_url":"http:\/\/www.lifesubsed.com\/?page_id=117","og_site_name":"Life Subsed","article_modified_time":"2018-10-04T16:27:03+00:00","og_image":[{"width":600,"height":120,"url":"http:\/\/www.lifesubsed.com\/wp-content\/uploads\/2018\/10\/carbonsink_rgb.jpg","path":"\/var\/www\/lifesubsed.com\/wp-content\/uploads\/2018\/10\/carbonsink_rgb.jpg","size":"full","id":140,"alt":"","pixels":72000,"type":"image\/jpeg"}],"twitter_card":"summary_large_image","twitter_misc":{"Tempo di lettura stimato":"3 minutes"},"schema":{"@context":"https:\/\/schema.org","@graph":[{"@type":"WebSite","@id":"http:\/\/www.lifesubsed.com\/#website","url":"http:\/\/www.lifesubsed.com\/","name":"Life Subsed","description":"Sustainable substrates for agriculture from dredged remediated marine sediments: from ports to pots","potentialAction":[{"@type":"SearchAction","target":{"@type":"EntryPoint","urlTemplate":"http:\/\/www.lifesubsed.com\/?s={search_term_string}"},"query-input":"required name=search_term_string"}],"inLanguage":"it-IT"},{"@type":"ImageObject","@id":"http:\/\/www.lifesubsed.com\/?page_id=117#primaryimage","inLanguage":"it-IT","url":"http:\/\/www.lifesubsed.com\/wp-content\/uploads\/2018\/10\/carbonsink_rgb.jpg","contentUrl":"http:\/\/www.lifesubsed.com\/wp-content\/uploads\/2018\/10\/carbonsink_rgb.jpg","width":600,"height":120},{"@type":"WebPage","@id":"http:\/\/www.lifesubsed.com\/?page_id=117#webpage","url":"http:\/\/www.lifesubsed.com\/?page_id=117","name":"Carbonsink - Life Subsed","isPartOf":{"@id":"http:\/\/www.lifesubsed.com\/#website"},"primaryImageOfPage":{"@id":"http:\/\/www.lifesubsed.com\/?page_id=117#primaryimage"},"datePublished":"2018-10-04T11:34:02+00:00","dateModified":"2018-10-04T16:27:03+00:00","breadcrumb":{"@id":"http:\/\/www.lifesubsed.com\/?page_id=117#breadcrumb"},"inLanguage":"it-IT","potentialAction":[{"@type":"ReadAction","target":["http:\/\/www.lifesubsed.com\/?page_id=117"]}]},{"@type":"BreadcrumbList","@id":"http:\/\/www.lifesubsed.com\/?page_id=117#breadcrumb","itemListElement":[{"@type":"ListItem","position":1,"name":"Home","item":"http:\/\/www.lifesubsed.com\/"},{"@type":"ListItem","position":2,"name":"Carbonsink"}]}]}},"_links":{"self":[{"href":"http:\/\/www.lifesubsed.com\/index.php?rest_route=\/wp\/v2\/pages\/117"}],"collection":[{"href":"http:\/\/www.lifesubsed.com\/index.php?rest_route=\/wp\/v2\/pages"}],"about":[{"href":"http:\/\/www.lifesubsed.com\/index.php?rest_route=\/wp\/v2\/types\/page"}],"author":[{"embeddable":true,"href":"http:\/\/www.lifesubsed.com\/index.php?rest_route=\/wp\/v2\/users\/1"}],"replies":[{"embeddable":true,"href":"http:\/\/www.lifesubsed.com\/index.php?rest_route=%2Fwp%2Fv2%2Fcomments&post=117"}],"version-history":[{"count":3,"href":"http:\/\/www.lifesubsed.com\/index.php?rest_route=\/wp\/v2\/pages\/117\/revisions"}],"predecessor-version":[{"id":167,"href":"http:\/\/www.lifesubsed.com\/index.php?rest_route=\/wp\/v2\/pages\/117\/revisions\/167"}],"wp:featuredmedia":[{"embeddable":true,"href":"http:\/\/www.lifesubsed.com\/index.php?rest_route=\/wp\/v2\/media\/140"}],"wp:attachment":[{"href":"http:\/\/www.lifesubsed.com\/index.php?rest_route=%2Fwp%2Fv2%2Fmedia&parent=117"}],"curies":[{"name":"wp","href":"https:\/\/api.w.org\/{rel}","templated":true}]}}