{"id":1199,"date":"2022-02-15T12:31:18","date_gmt":"2022-02-15T11:31:18","guid":{"rendered":"http:\/\/www.lifesubsed.com\/?page_id=1199"},"modified":"2022-02-17T12:49:35","modified_gmt":"2022-02-17T11:49:35","slug":"corso-tecnico-life-subsed-utilizzo-di-substrati-a-base-di-sedimenti-marini-fitorimediati-per-produzioni-vivaistiche-in-colture-fuorisuolo-3-marzo-2022","status":"publish","type":"page","link":"http:\/\/www.lifesubsed.com\/?page_id=1199","title":{"rendered":"Corso tecnico LIFE SUBSED &#8220;Utilizzo di substrati a base di sedimenti marini fitorimediati per produzioni vivaistiche in colture fuorisuolo&#8221; &#8211; 3 marzo 2022"},"content":{"rendered":"<p><img loading=\"lazy\" class=\"aligncenter size-full wp-image-1202\" src=\"http:\/\/www.lifesubsed.com\/wp-content\/uploads\/2022\/02\/Life-Subsed-03_03_22.jpg\" alt=\"\" width=\"1024\" height=\"753\" srcset=\"http:\/\/www.lifesubsed.com\/wp-content\/uploads\/2022\/02\/Life-Subsed-03_03_22.jpg 1024w, http:\/\/www.lifesubsed.com\/wp-content\/uploads\/2022\/02\/Life-Subsed-03_03_22-300x221.jpg 300w, http:\/\/www.lifesubsed.com\/wp-content\/uploads\/2022\/02\/Life-Subsed-03_03_22-768x565.jpg 768w\" sizes=\"(max-width: 767px) 89vw, (max-width: 1000px) 54vw, (max-width: 1071px) 543px, 580px\" \/><\/p>\n<p>&nbsp;<\/p>\n<p>Il consorzio del progetto <strong>LIFE SUBSED<\/strong> \u00e8 lieto di invitarvi all&#8217;evento formativo programmato per gioved\u00ec 3 marzo 2022.<\/p>\n<p><strong>Il corso tecnico \u00e8 gratuito ed \u00e8 destinato ai professionisti ed agli operatori del settore florovivaistico.\u00a0<\/strong><\/p>\n<p>Per prendere parte all&#8217;evento \u00e8 sufficiente registrarsi\u00a0al seguente\u00a0<a href=\"https:\/\/forms.gle\/3gGVjrmivWyCjYsJ6\"><strong>link di iscrizione<\/strong><\/a> per ottenere i dati di accesso all\u2019evento. Qualche giorno prima\u00a0 ti sar\u00e0 inviata una email con il link di accesso e tutte le informazioni necessarie per partecipare.<\/p>\n<p>&nbsp;<\/p>\n<p>Il progetto <strong>LIFE SUBSED<\/strong> (LIFE17 ENV\/IT\/000347) mira a dimostrare su scala reale il possibile <span style=\"text-decoration: underline;\">riutilizzo di sedimenti marini dragati ed opportunamente trattati come substrati di coltivazione alternativi alla torba<\/span>, i cui impatti sul clima, la biodiversit\u00e0 e gli habitat sono sempre pi\u00f9 evidenti.<\/p>\n<p><strong>LIFE SUBSED vuole fornire un&#8217;alternativa pi\u00f9 verde per il vivaismo e promuovere la transizione verso\u00a0modelli economici e stili di vita pi\u00f9 sostenibili!<\/strong><\/p>\n<p>&nbsp;<\/p>\n<p>L\u2019evento \u00e8 stato organizzato con il patrocinio della <strong>Societ\u00e0 di Ortoflorofrutticoltura Italiana &#8211; SOI<\/strong> e dell\u2019<strong>Ordine dei Dottori Agronomi e dei Dottori Forestali &#8211; ODAF<\/strong> della Provincia di Pistoia. Ai partecipanti richiedenti sar\u00e0 riconosciuto un credito formativo pari a <span style=\"text-decoration: underline;\">0,5 CFU<\/span>.<\/p>\n<p>&nbsp;<\/p>\n<p>Il corso prevede due distinte sessioni:<\/p>\n<ul>\n<li><strong>sessione teorica (9.00-12.00, completamente online)<\/strong><\/li>\n<li><strong>sessione pratica (14.00-15.30, modalit\u00e0 ibrida, in streaming ed in presenza)<\/strong><\/li>\n<\/ul>\n<p>Di seguito il programma dettagliato dell&#8217;evento.<\/p>\n<p><a href=\"http:\/\/www.lifesubsed.com\/wp-content\/uploads\/2022\/02\/volantino-life-Giornata-tecnica-A5-bassa.pdf\"><img loading=\"lazy\" class=\"aligncenter size-full wp-image-1209\" src=\"http:\/\/www.lifesubsed.com\/wp-content\/uploads\/2022\/02\/volantino-life-Giornata-tecnica-A5-bassa_page-0001.jpg\" alt=\"\" width=\"886\" height=\"1252\" srcset=\"http:\/\/www.lifesubsed.com\/wp-content\/uploads\/2022\/02\/volantino-life-Giornata-tecnica-A5-bassa_page-0001.jpg 886w, http:\/\/www.lifesubsed.com\/wp-content\/uploads\/2022\/02\/volantino-life-Giornata-tecnica-A5-bassa_page-0001-212x300.jpg 212w, http:\/\/www.lifesubsed.com\/wp-content\/uploads\/2022\/02\/volantino-life-Giornata-tecnica-A5-bassa_page-0001-725x1024.jpg 725w, http:\/\/www.lifesubsed.com\/wp-content\/uploads\/2022\/02\/volantino-life-Giornata-tecnica-A5-bassa_page-0001-768x1085.jpg 768w\" sizes=\"(max-width: 767px) 89vw, (max-width: 1000px) 54vw, (max-width: 1071px) 543px, 580px\" \/><\/a><\/p>\n<p><a href=\"http:\/\/www.lifesubsed.com\/wp-content\/uploads\/2022\/02\/volantino-life-Giornata-tecnica-A5-bassa.pdf\"><img loading=\"lazy\" class=\"aligncenter size-full wp-image-1210\" src=\"http:\/\/www.lifesubsed.com\/wp-content\/uploads\/2022\/02\/volantino-life-Giornata-tecnica-A5-bassa_page-0002.jpg\" alt=\"\" width=\"886\" height=\"1252\" srcset=\"http:\/\/www.lifesubsed.com\/wp-content\/uploads\/2022\/02\/volantino-life-Giornata-tecnica-A5-bassa_page-0002.jpg 886w, http:\/\/www.lifesubsed.com\/wp-content\/uploads\/2022\/02\/volantino-life-Giornata-tecnica-A5-bassa_page-0002-212x300.jpg 212w, http:\/\/www.lifesubsed.com\/wp-content\/uploads\/2022\/02\/volantino-life-Giornata-tecnica-A5-bassa_page-0002-725x1024.jpg 725w, http:\/\/www.lifesubsed.com\/wp-content\/uploads\/2022\/02\/volantino-life-Giornata-tecnica-A5-bassa_page-0002-768x1085.jpg 768w\" sizes=\"(max-width: 767px) 89vw, (max-width: 1000px) 54vw, (max-width: 1071px) 543px, 580px\" \/><\/a><\/p>\n<hr \/>\n<h2><em>Alcuni link utili:<\/em><\/h2>\n<ul>\n<li><a href=\"http:\/\/www.lifesubsed.com\/wp-content\/uploads\/2022\/02\/volantino-life-Giornata-tecnica-A5-bassa.pdf\"><strong>Versione PDF scaricabile<\/strong><\/a> del programma dell&#8217;evento<\/li>\n<li><strong><a href=\"https:\/\/forms.gle\/3gGVjrmivWyCjYsJ6\">Pagina d\u2019iscrizione<\/a>\u00a0<\/strong>all\u2019evento online (\u00e8 gratuito e potrai richiedere il riconoscimento dei Crediti Formativi se sei un professionista iscritto all\u2019Ordine).<\/li>\n<li>Dai un\u2019occhiata e scarica\u00a0<strong><a href=\"http:\/\/www.lifesubsed.com\/?page_id=41\">il nostro materiale di disseminazione<\/a><\/strong>!<\/li>\n<li>Rimani aggiornato sugli ultimi\u00a0<strong><a href=\"http:\/\/www.lifesubsed.com\/?page_id=45\">progressi tecnici<\/a>\u00a0<\/strong>del nostro progetto!<\/li>\n<li>Lascia un mi piace e aiutaci a condividere la\u00a0<strong><a href=\"https:\/\/www.facebook.com\/lifesubsed\/\">pagina Facebook<\/a> ed il <a href=\"http:\/\/www.twitter.com\/lifesubsed\">profilo Twitter <\/a><\/strong>di LIFE Subsed!<\/li>\n<li>Visita il\u00a0<a href=\"http:\/\/ordinepistoia.conaf.it\/\"><strong>sito web<\/strong><\/a>\u00a0dell\u2019Ordine\u00a0dei Dottori Agronomi e Forestali di Pistoia.<\/li>\n<li>Scarica l&#8217;applicazione WEBEX per partecipare all&#8217;evento! A <strong><a href=\"https:\/\/www.webex.com\/it\/downloads.html\">questa pagina<\/a><\/strong> sono disponibili tutte le versioni per qualsiasi tipo di dispositivo, sia fisso (Windows, MacOS e Linux) che mobile (smartphone o tablet Android ed Apple).<\/li>\n<\/ul>\n","protected":false},"excerpt":{"rendered":"<p>&nbsp; Il consorzio del progetto LIFE SUBSED \u00e8 lieto di invitarvi all&#8217;evento formativo programmato per gioved\u00ec 3 marzo 2022. Il corso tecnico \u00e8 gratuito ed \u00e8 destinato ai professionisti ed agli operatori del settore florovivaistico.\u00a0 Per prendere parte all&#8217;evento \u00e8 sufficiente registrarsi\u00a0al seguente\u00a0link di iscrizione per ottenere i dati di accesso all\u2019evento. Qualche giorno prima\u00a0 &hellip; <\/p>\n<p class=\"link-more\"><a href=\"http:\/\/www.lifesubsed.com\/?page_id=1199\" class=\"more-link\">Leggi tutto<span class=\"screen-reader-text\"> &#8220;Corso tecnico LIFE SUBSED &#8220;Utilizzo di substrati a base di sedimenti marini fitorimediati per produzioni vivaistiche in colture fuorisuolo&#8221; &#8211; 3 marzo 2022&#8243;<\/span><\/a><\/p>\n","protected":false},"author":1,"featured_media":0,"parent":0,"menu_order":0,"comment_status":"closed","ping_status":"closed","template":"","meta":[],"yoast_head":"<!-- This site is optimized with the Yoast SEO plugin v16.7 - https:\/\/yoast.com\/wordpress\/plugins\/seo\/ -->\n<title>Corso tecnico LIFE SUBSED &quot;Utilizzo di substrati a base di sedimenti marini fitorimediati per produzioni vivaistiche in colture fuorisuolo&quot; - 3 marzo 2022 - Life Subsed<\/title>\n<meta name=\"robots\" content=\"index, follow, max-snippet:-1, max-image-preview:large, max-video-preview:-1\" \/>\n<link rel=\"canonical\" href=\"http:\/\/www.lifesubsed.com\/?page_id=1199\" \/>\n<meta property=\"og:locale\" content=\"it_IT\" \/>\n<meta property=\"og:type\" content=\"article\" \/>\n<meta property=\"og:title\" content=\"Corso tecnico LIFE SUBSED &quot;Utilizzo di substrati a base di sedimenti marini fitorimediati per produzioni vivaistiche in colture fuorisuolo&quot; - 3 marzo 2022 - Life Subsed\" \/>\n<meta property=\"og:description\" content=\"&nbsp; Il consorzio del progetto LIFE SUBSED \u00e8 lieto di invitarvi all&#8217;evento formativo programmato per gioved\u00ec 3 marzo 2022. Il corso tecnico \u00e8 gratuito ed \u00e8 destinato ai professionisti ed agli operatori del settore florovivaistico.\u00a0 Per prendere parte all&#8217;evento \u00e8 sufficiente registrarsi\u00a0al seguente\u00a0link di iscrizione per ottenere i dati di accesso all\u2019evento. Qualche giorno prima\u00a0 &hellip; Leggi tutto &quot;Corso tecnico LIFE SUBSED &#8220;Utilizzo di substrati a base di sedimenti marini fitorimediati per produzioni vivaistiche in colture fuorisuolo&#8221; &#8211; 3 marzo 2022&quot;\" \/>\n<meta property=\"og:url\" content=\"http:\/\/www.lifesubsed.com\/?page_id=1199\" \/>\n<meta property=\"og:site_name\" content=\"Life Subsed\" \/>\n<meta property=\"article:modified_time\" content=\"2022-02-17T11:49:35+00:00\" \/>\n<meta property=\"og:image\" content=\"http:\/\/www.lifesubsed.com\/wp-content\/uploads\/2022\/02\/Life-Subsed-03_03_22.jpg\" \/>\n\t<meta property=\"og:image:width\" content=\"1024\" \/>\n\t<meta property=\"og:image:height\" content=\"753\" \/>\n<meta name=\"twitter:card\" content=\"summary_large_image\" \/>\n<meta name=\"twitter:image\" content=\"http:\/\/www.lifesubsed.com\/wp-content\/uploads\/2022\/02\/Life-Subsed-03_03_22.jpg\" \/>\n<meta name=\"twitter:label1\" content=\"Tempo di lettura stimato\" \/>\n\t<meta name=\"twitter:data1\" content=\"2 minutes\" \/>\n<script type=\"application\/ld+json\" class=\"yoast-schema-graph\">{\"@context\":\"https:\/\/schema.org\",\"@graph\":[{\"@type\":\"WebSite\",\"@id\":\"http:\/\/www.lifesubsed.com\/#website\",\"url\":\"http:\/\/www.lifesubsed.com\/\",\"name\":\"Life Subsed\",\"description\":\"Sustainable substrates for agriculture from dredged remediated marine sediments: from ports to pots\",\"potentialAction\":[{\"@type\":\"SearchAction\",\"target\":{\"@type\":\"EntryPoint\",\"urlTemplate\":\"http:\/\/www.lifesubsed.com\/?s={search_term_string}\"},\"query-input\":\"required name=search_term_string\"}],\"inLanguage\":\"it-IT\"},{\"@type\":\"ImageObject\",\"@id\":\"http:\/\/www.lifesubsed.com\/?page_id=1199#primaryimage\",\"inLanguage\":\"it-IT\",\"url\":\"http:\/\/www.lifesubsed.com\/wp-content\/uploads\/2022\/02\/Life-Subsed-03_03_22.jpg\",\"contentUrl\":\"http:\/\/www.lifesubsed.com\/wp-content\/uploads\/2022\/02\/Life-Subsed-03_03_22.jpg\",\"width\":1024,\"height\":753},{\"@type\":\"WebPage\",\"@id\":\"http:\/\/www.lifesubsed.com\/?page_id=1199#webpage\",\"url\":\"http:\/\/www.lifesubsed.com\/?page_id=1199\",\"name\":\"Corso tecnico LIFE SUBSED \\\"Utilizzo di substrati a base di sedimenti marini fitorimediati per produzioni vivaistiche in colture fuorisuolo\\\" - 3 marzo 2022 - Life Subsed\",\"isPartOf\":{\"@id\":\"http:\/\/www.lifesubsed.com\/#website\"},\"primaryImageOfPage\":{\"@id\":\"http:\/\/www.lifesubsed.com\/?page_id=1199#primaryimage\"},\"datePublished\":\"2022-02-15T11:31:18+00:00\",\"dateModified\":\"2022-02-17T11:49:35+00:00\",\"breadcrumb\":{\"@id\":\"http:\/\/www.lifesubsed.com\/?page_id=1199#breadcrumb\"},\"inLanguage\":\"it-IT\",\"potentialAction\":[{\"@type\":\"ReadAction\",\"target\":[\"http:\/\/www.lifesubsed.com\/?page_id=1199\"]}]},{\"@type\":\"BreadcrumbList\",\"@id\":\"http:\/\/www.lifesubsed.com\/?page_id=1199#breadcrumb\",\"itemListElement\":[{\"@type\":\"ListItem\",\"position\":1,\"name\":\"Home\",\"item\":\"http:\/\/www.lifesubsed.com\/\"},{\"@type\":\"ListItem\",\"position\":2,\"name\":\"Corso tecnico LIFE SUBSED &#8220;Utilizzo di substrati a base di sedimenti marini fitorimediati per produzioni vivaistiche in colture fuorisuolo&#8221; &#8211; 3 marzo 2022\"}]}]}<\/script>\n<!-- \/ Yoast SEO plugin. -->","yoast_head_json":{"title":"Corso tecnico LIFE SUBSED \"Utilizzo di substrati a base di sedimenti marini fitorimediati per produzioni vivaistiche in colture fuorisuolo\" - 3 marzo 2022 - Life Subsed","robots":{"index":"index","follow":"follow","max-snippet":"max-snippet:-1","max-image-preview":"max-image-preview:large","max-video-preview":"max-video-preview:-1"},"canonical":"http:\/\/www.lifesubsed.com\/?page_id=1199","og_locale":"it_IT","og_type":"article","og_title":"Corso tecnico LIFE SUBSED \"Utilizzo di substrati a base di sedimenti marini fitorimediati per produzioni vivaistiche in colture fuorisuolo\" - 3 marzo 2022 - Life Subsed","og_description":"&nbsp; Il consorzio del progetto LIFE SUBSED \u00e8 lieto di invitarvi all&#8217;evento formativo programmato per gioved\u00ec 3 marzo 2022. Il corso tecnico \u00e8 gratuito ed \u00e8 destinato ai professionisti ed agli operatori del settore florovivaistico.\u00a0 Per prendere parte all&#8217;evento \u00e8 sufficiente registrarsi\u00a0al seguente\u00a0link di iscrizione per ottenere i dati di accesso all\u2019evento. Qualche giorno prima\u00a0 &hellip; Leggi tutto \"Corso tecnico LIFE SUBSED &#8220;Utilizzo di substrati a base di sedimenti marini fitorimediati per produzioni vivaistiche in colture fuorisuolo&#8221; &#8211; 3 marzo 2022\"","og_url":"http:\/\/www.lifesubsed.com\/?page_id=1199","og_site_name":"Life Subsed","article_modified_time":"2022-02-17T11:49:35+00:00","og_image":[{"width":1024,"height":753,"url":"http:\/\/www.lifesubsed.com\/wp-content\/uploads\/2022\/02\/Life-Subsed-03_03_22.jpg","path":"\/var\/www\/lifesubsed.com\/wp-content\/uploads\/2022\/02\/Life-Subsed-03_03_22.jpg","size":"full","id":"1202","alt":"","pixels":771072,"type":"image\/jpeg"}],"twitter_card":"summary_large_image","twitter_image":"http:\/\/www.lifesubsed.com\/wp-content\/uploads\/2022\/02\/Life-Subsed-03_03_22.jpg","twitter_misc":{"Tempo di lettura stimato":"2 minutes"},"schema":{"@context":"https:\/\/schema.org","@graph":[{"@type":"WebSite","@id":"http:\/\/www.lifesubsed.com\/#website","url":"http:\/\/www.lifesubsed.com\/","name":"Life Subsed","description":"Sustainable substrates for agriculture from dredged remediated marine sediments: from ports to pots","potentialAction":[{"@type":"SearchAction","target":{"@type":"EntryPoint","urlTemplate":"http:\/\/www.lifesubsed.com\/?s={search_term_string}"},"query-input":"required name=search_term_string"}],"inLanguage":"it-IT"},{"@type":"ImageObject","@id":"http:\/\/www.lifesubsed.com\/?page_id=1199#primaryimage","inLanguage":"it-IT","url":"http:\/\/www.lifesubsed.com\/wp-content\/uploads\/2022\/02\/Life-Subsed-03_03_22.jpg","contentUrl":"http:\/\/www.lifesubsed.com\/wp-content\/uploads\/2022\/02\/Life-Subsed-03_03_22.jpg","width":1024,"height":753},{"@type":"WebPage","@id":"http:\/\/www.lifesubsed.com\/?page_id=1199#webpage","url":"http:\/\/www.lifesubsed.com\/?page_id=1199","name":"Corso tecnico LIFE SUBSED \"Utilizzo di substrati a base di sedimenti marini fitorimediati per produzioni vivaistiche in colture fuorisuolo\" - 3 marzo 2022 - Life Subsed","isPartOf":{"@id":"http:\/\/www.lifesubsed.com\/#website"},"primaryImageOfPage":{"@id":"http:\/\/www.lifesubsed.com\/?page_id=1199#primaryimage"},"datePublished":"2022-02-15T11:31:18+00:00","dateModified":"2022-02-17T11:49:35+00:00","breadcrumb":{"@id":"http:\/\/www.lifesubsed.com\/?page_id=1199#breadcrumb"},"inLanguage":"it-IT","potentialAction":[{"@type":"ReadAction","target":["http:\/\/www.lifesubsed.com\/?page_id=1199"]}]},{"@type":"BreadcrumbList","@id":"http:\/\/www.lifesubsed.com\/?page_id=1199#breadcrumb","itemListElement":[{"@type":"ListItem","position":1,"name":"Home","item":"http:\/\/www.lifesubsed.com\/"},{"@type":"ListItem","position":2,"name":"Corso tecnico LIFE SUBSED &#8220;Utilizzo di substrati a base di sedimenti marini fitorimediati per produzioni vivaistiche in colture fuorisuolo&#8221; &#8211; 3 marzo 2022"}]}]}},"_links":{"self":[{"href":"http:\/\/www.lifesubsed.com\/index.php?rest_route=\/wp\/v2\/pages\/1199"}],"collection":[{"href":"http:\/\/www.lifesubsed.com\/index.php?rest_route=\/wp\/v2\/pages"}],"about":[{"href":"http:\/\/www.lifesubsed.com\/index.php?rest_route=\/wp\/v2\/types\/page"}],"author":[{"embeddable":true,"href":"http:\/\/www.lifesubsed.com\/index.php?rest_route=\/wp\/v2\/users\/1"}],"replies":[{"embeddable":true,"href":"http:\/\/www.lifesubsed.com\/index.php?rest_route=%2Fwp%2Fv2%2Fcomments&post=1199"}],"version-history":[{"count":8,"href":"http:\/\/www.lifesubsed.com\/index.php?rest_route=\/wp\/v2\/pages\/1199\/revisions"}],"predecessor-version":[{"id":1203,"href":"http:\/\/www.lifesubsed.com\/index.php?rest_route=\/wp\/v2\/pages\/1199\/revisions\/1203"}],"wp:attachment":[{"href":"http:\/\/www.lifesubsed.com\/index.php?rest_route=%2Fwp%2Fv2%2Fmedia&parent=1199"}],"curies":[{"name":"wp","href":"https:\/\/api.w.org\/{rel}","templated":true}]}}