{"id":43,"date":"2018-10-04T10:00:32","date_gmt":"2018-10-04T08:00:32","guid":{"rendered":"http:\/\/www.lifesubsed.com\/?page_id=43"},"modified":"2022-05-11T11:38:45","modified_gmt":"2022-05-11T09:38:45","slug":"networking","status":"publish","type":"page","link":"http:\/\/www.lifesubsed.com\/?page_id=43","title":{"rendered":"Networking"},"content":{"rendered":"<p><\/p>\n<h2 style=\"text-align: right;\"><a href=\"http:\/\/www.lifecleansed.com\"><img loading=\"lazy\" class=\"alignleft wp-image-142 size-thumbnail\" src=\"http:\/\/www.lifesubsed.com\/wp-content\/uploads\/2018\/10\/cleansed-life-project-150x150.jpg\" alt=\"\" width=\"150\" height=\"150\" srcset=\"http:\/\/www.lifesubsed.com\/wp-content\/uploads\/2018\/10\/cleansed-life-project-150x150.jpg 150w, http:\/\/www.lifesubsed.com\/wp-content\/uploads\/2018\/10\/cleansed-life-project-100x100.jpg 100w, http:\/\/www.lifesubsed.com\/wp-content\/uploads\/2018\/10\/cleansed-life-project.jpg 225w\" sizes=\"(max-width: 150px) 100vw, 150px\" \/><\/a><em><strong>Life CleanSed<\/strong><\/em><\/h2>\n<p>Il progetto CLEANSED si prefigge come obiettivo di dimostrare, valutare e disseminare un approccio integrato, multisettoriale ed innovativo per un impiego lungimirante e sostenibile dei sedimenti contaminati dragati dai fiumi.<br \/>\nI sedimenti inquinati verranno dragati e trasformati da rifiuto inquinato a materiale dal rinnovato valore attraverso dei trattamenti decontaminanti specifici. Il prodotto cos\u00ec ottenuto verr\u00e0 poi destinato all\u2019utilizzo in due settori:<\/p>\n<ol>\n<li>Nel settore vivaistico \u00a0come substrato\/ammendante per prevenire la perdita di terreno e biomassa causati dalle attivit\u00e0 vivaistiche.<\/li>\n<li><span style=\"font-size: 1rem;\">Nella costruzione di strade come materiale di riempimento.<\/span><\/li>\n<\/ol>\n<p>L\u2019intero ciclo si svolger\u00e0 in un territorio altamente produttivo ed al tempo stesso di grande importanza naturalistica come il bacino e la pianura alluvionale del fiume Arno in Italia.<\/p>\n<h2 style=\"text-align: right;\"><em><strong>Life Hortised<br \/>\n<\/strong><\/em><a href=\"http:\/\/lifehortised.com\"><img loading=\"lazy\" class=\"wp-image-144 alignleft\" src=\"http:\/\/www.lifesubsed.com\/wp-content\/uploads\/2018\/10\/Hortised-LOGO-300x137.jpg\" alt=\"\" width=\"226\" height=\"103\" srcset=\"http:\/\/www.lifesubsed.com\/wp-content\/uploads\/2018\/10\/Hortised-LOGO-300x137.jpg 300w, http:\/\/www.lifesubsed.com\/wp-content\/uploads\/2018\/10\/Hortised-LOGO.jpg 670w\" sizes=\"(max-width: 226px) 100vw, 226px\" \/><\/a><\/h2>\n<p>Il progetto HORTISED ha lo scopo di dimostrare l\u2019idoneit\u00e0 dei sedimenti dragati bonificati ad essere utilizzati come alternativa nella preparazione di substrati di coltivazione nel vivaismo ed in frutticoltura.<\/p>\n<p>Il progetto dimostrer\u00e0 le grandi potenzialit\u00e0 dei substrati di coltivazione contenenti sedimenti dragati fitorimediati mediante il loro utilizzo per la coltivazione di fragola e melograno, scelte come piante modello per l\u2019ambiente mediterraneo. Le stesse specie, come controllo, verranno coltivate anche sui tradizionali substrati di crescita a base di torba o fibra di cocco, per permettere la valutazione delle performance di questi substrati di coltivazione innovativi.<\/p>\n<p>Inoltre il progetto HORTISED metter\u00e0 in evidenza l\u2019attuale quadro normativo legislativo e produrr\u00e0 le linee guida per l\u2019uso sicuro e sostenibile dei sedimenti come componenti dei substrati di coltivazione nella produzione vivaistica e frutticola.<\/p>\n<h2 style=\"text-align: right;\"><strong><em>LIFE Sekret<\/em><\/strong><\/h2>\n<p><a href=\"http:\/\/lifesekret.com\/\"><img loading=\"lazy\" class=\" wp-image-531 alignleft\" src=\"http:\/\/www.lifeagrised.com\/wp-content\/uploads\/2019\/04\/sekret-life-logo.png\" alt=\"\" width=\"285\" height=\"145\" \/><\/a>Il progetto SEKRET ha condotto diverse azioni finalizzate a dimostrare l&#8217;idoneit\u00e0 dell\u2019innovativa tecnica di bonifica elettro-cinetica (EKR) a rimuovere efficacemente metalli pesanti dai sedimenti portuali di dragaggio contaminati dei porti Europei.<\/p>\n<p>La tecnologia innovativa \u00e8 stata dimostrata nel Porto di Livorno per poter provare la solidit\u00e0 tecnica e finanziaria del progetto, cos\u00ec come i vantaggi ambientali in confronto alle attuali strategie gestionali (smaltimento in discarica o riversamento in mare aperto).<\/p>\n<h2 style=\"text-align: right;\"><em><strong>LIFE AgriSed<\/strong><\/em><\/h2>\n<p><a href=\"http:\/\/www.lifeagrised.com\"><img loading=\"lazy\" class=\"alignleft wp-image-573\" src=\"http:\/\/www.lifesubsed.com\/wp-content\/uploads\/2019\/04\/logo-motto_Tavola-disegno-1-300x241.png\" alt=\"\" width=\"250\" height=\"201\" srcset=\"http:\/\/www.lifesubsed.com\/wp-content\/uploads\/2019\/04\/logo-motto_Tavola-disegno-1-300x241.png 300w, http:\/\/www.lifesubsed.com\/wp-content\/uploads\/2019\/04\/logo-motto_Tavola-disegno-1-768x617.png 768w, http:\/\/www.lifesubsed.com\/wp-content\/uploads\/2019\/04\/logo-motto_Tavola-disegno-1-1024x823.png 1024w\" sizes=\"(max-width: 250px) 100vw, 250px\" \/><\/a>Il progetto AGRISED mira a dimostrare l\u2019idoneit\u00e0 dei sedimenti dragati per la produzione \u2013 senza alcun intervento o dopo co-compostaggio con rifiuti vegetali \u2013 di technosol innovativi, da utilizzarsi per la bonifica di terreni degradati e aree dismesse e come base di coltura innovativa per la vivaistica.<\/p>\n<p>Le prestazioni del prodotto ottenuti tramite l\u2019impiego dei sedimenti dragati saranno confrontate con quele ottenibili con gli approcci tradizionali di bonifica e con quelle presentate dai substrati di coltura solitamente impiegati per la produzione di piante ornamentali ad alto valore aggiunto. Il processo di co-compostaggio dei sedimenti e rifiuti verdi permetter\u00e0 di ottenere terreni di coltura con fertilit\u00e0, struttura, capacit\u00e0 di ritenzione idrica, aerazione e attivit\u00e0 biologica migliori rispetto a quelli della torba e della fibra di cocco.<\/p>\n<h2 style=\"text-align: right;\"><strong><em>LIFE Biorest<\/em><\/strong><\/h2>\n<p><img loading=\"lazy\" class=\" wp-image-539 alignleft\" src=\"http:\/\/www.lifeagrised.com\/wp-content\/uploads\/2019\/04\/logo-300x283.png\" alt=\"\" width=\"209\" height=\"197\" \/><\/p>\n<p>Lo scopo primario di LIFE BIOREST \u00e8 quello di decontaminare suoli inquinati restituendo spazi verdi alla citt\u00e0.<\/p>\n<p>LIFE BIOREST mira a dimostrare l\u2019efficienza e l\u2019efficacia di un approccio biologico di bonifica basato sull\u2019uso di batteri e funghi naturalmente presenti nel suolo contaminato.<\/p>\n<h2 style=\"text-align: right;\"><strong><em>LIFE Sure<\/em><\/strong><\/h2>\n<p style=\"text-align: left;\"><a href=\"https:\/\/lifesure.kalmar.se\/\"><img loading=\"lazy\" class=\"alignleft wp-image-530 \" src=\"http:\/\/www.lifeagrised.com\/wp-content\/uploads\/2019\/04\/lifesure_logo_aktuell-257x300.png\" alt=\"\" width=\"127\" height=\"149\" \/><\/a><\/p>\n<p>L&#8217;obiettivo generale del progetto Sure \u00e8 testare e dimostrare una nuova modalit\u00e0 per ripristinare lo stato ecologico e la morfologia idroelettrica della baia di Malmfj\u00e4rden a Kalmar, nel sud-est della Svezia, utilizzando un metodo innovativo di dragaggio che non impatta sull&#8217;ambiente acquatico e di conseguenza sulla salute umana.<\/p>\n<p>40 000 m3 di sedimenti saranno dragati e trattati come materia prima secondaria all&#8217;interno del concetto di economia circolare. Il progetto mira anche a divulgare, trasferire e replicare idee e risultati del progetto all&#8217;interno della Svezia e dell&#8217;Europa.<\/p>\n<h2 style=\"text-align: right;\"><strong><em>Interreg N-W Europe SURICATES<\/em><\/strong><\/h2>\n<p style=\"text-align: left;\"><a href=\"http:\/\/www.nweurope.eu\/projects\/project-search\/suricates-sediment-uses-as-resources-in-circular-and-territorial-economies\/\"><img loading=\"lazy\" class=\"alignleft wp-image-577\" src=\"http:\/\/www.lifesubsed.com\/wp-content\/uploads\/2019\/04\/suricates.png\" alt=\"\" width=\"270\" height=\"101\" \/><\/a>Lo scopo del progetto \u00e8 aumentare il riutilizzo dei sedimenti per la protezione da erosione e inondazioni. Saranno fornite alle autorit\u00e0, ai gestori di porti e vie navigabili e agli esperti di erosione nuove soluzioni su larga scala per il riutilizzo dei sedimenti nei porti, nei corsi d&#8217;acqua e nelle coste del nord-est europeo.<\/p>\n<h2 style=\"text-align: right;\"><em><strong>LIFE ZeoWine<\/strong><\/em><\/h2>\n<p><a href=\"http:\/\/www.lifezeowine.eu\/\"><img loading=\"lazy\" class=\"alignleft wp-image-770\" src=\"http:\/\/www.lifesubsed.com\/wp-content\/uploads\/2020\/09\/LIFE-ZEOWINE_LOGO-FONDO-TRASPARENTE-03-300x212-300x212.png\" alt=\"\" width=\"270\" height=\"191\" \/><\/a><\/p>\n<p>Grazie all&#8217;applicazione di un prodotto innovativo ottenuto dal compostaggio di scarti della compostiera viticola e zeolite, il progetto ZeoWine propone una strategia per migliorare la protezione e la gestione del suolo, il benessere della vite e la qualit\u00e0 dell\u2019uva e del vino.<\/p>\n<p>&nbsp;<\/p>\n<h2 style=\"text-align: right;\"><em><strong>SeaForest LIFE<\/strong><\/em><\/h2>\n<p><a href=\"http:\/\/www.seaforestlife.eu\/\"><img loading=\"lazy\" class=\"alignleft wp-image-810\" src=\"http:\/\/www.lifesubsed.com\/wp-content\/uploads\/2020\/09\/seaforest-300x164.jpg\" alt=\"\" width=\"230\" height=\"126\" srcset=\"http:\/\/www.lifesubsed.com\/wp-content\/uploads\/2020\/09\/seaforest-300x164.jpg 300w, http:\/\/www.lifesubsed.com\/wp-content\/uploads\/2020\/09\/seaforest.jpg 304w\" sizes=\"(max-width: 230px) 100vw, 230px\" \/><\/a>SeaForest LIFE \u00e8 un progetto europeo per la conservazione delle praterie di\u00a0Posidonia oceanica, una pianta marina che svolge un importante ruolo di deposito di carbonio nel Mediterraneo, aiutando significativamente a\u00a0contrastare i\u00a0cambiamenti climatici.<\/p>\n<p>&nbsp;<\/p>\n<h2 style=\"text-align: right;\"><em><strong>LIFE 4 Mar Piccolo<\/strong><\/em><\/h2>\n<p><a href=\"http:\/\/www.lifemarpiccolo.it\/progetto\"><img loading=\"lazy\" class=\"alignleft wp-image-806\" src=\"http:\/\/www.lifesubsed.com\/wp-content\/uploads\/2020\/09\/Life-mar-piccolo.jpg\" alt=\"\" width=\"190\" height=\"189\" srcset=\"http:\/\/www.lifesubsed.com\/wp-content\/uploads\/2020\/09\/Life-mar-piccolo.jpg 225w, http:\/\/www.lifesubsed.com\/wp-content\/uploads\/2020\/09\/Life-mar-piccolo-150x150.jpg 150w, http:\/\/www.lifesubsed.com\/wp-content\/uploads\/2020\/09\/Life-mar-piccolo-100x100.jpg 100w\" sizes=\"(max-width: 190px) 100vw, 190px\" \/><\/a><\/p>\n<p>L\u2019obiettivo generale del progetto Life4MarPiccolo \u00e8 la riqualificazione ambientale del Mar Piccolo di Taranto, attraverso un\u2019azione diretta di bonifica di porzioni discrete contaminate dei fondali e delle acque, mediante la progettazione e messa in opera di un impianto pilota di depurazione.<\/p>\n<h2 style=\"text-align: right;\"><em><strong>LIFE Chimera<\/strong><\/em><\/h2>\n<p><a href=\"https:\/\/www.life-chimera.eu\/\"><img loading=\"lazy\" class=\"size-full wp-image-894 alignleft\" src=\"http:\/\/www.lifesubsed.com\/wp-content\/uploads\/2021\/04\/logo_life_chimera_1.jpg\" alt=\"\" width=\"260\" height=\"150\" \/><\/a>L\u2019ambizione del progetto\u00a0CHIMERA\u00a0\u00e8 quella di trasformare un rifiuto (la pollina, il letame derivante dall&#8217;allevamento avicolo) in un fertilizzante, producendo anche energia: un&#8217;attenzione per l&#8217;economia circolare che \u00e8 pienamente condivisa con LIFE SUBSED.<\/p>\n<h2 style=\"text-align: right;\"><em><strong>LIFE Super BioDiesel<\/strong><\/em><\/h2>\n<p><a href=\"https:\/\/www.lifesuperbiodiesel.eu\/\"><img loading=\"lazy\" class=\"alignleft wp-image-1246\" src=\"http:\/\/www.lifesubsed.com\/wp-content\/uploads\/2022\/05\/logo-lsbd-transparent.png\" alt=\"\" width=\"260\" height=\"100\" \/><\/a>L&#8217;obiettivo generale di questo progetto \u00e8 quello di applicare un processo migliorato, sostenibile ed ecologico per ottenere un biodiesel eco-efficiente in conformit\u00e0 con le direttive e le normative vigenti, da materia prima proveniente da scarti animali, applicando cos\u00ec i principi dell&#8217;economia circolare.<\/p>\n<h2 style=\"text-align: right;\"><em><strong>LIFE GreenShoes4All<\/strong><\/em><\/h2>\n<p><a href=\"https:\/\/www.greenshoes4all.eu\/\"><img loading=\"lazy\" class=\"alignleft wp-image-1247\" src=\"http:\/\/www.lifesubsed.com\/wp-content\/uploads\/2022\/05\/logo-GREEN-SHOES-4-ALL.png\" alt=\"\" width=\"240\" height=\"246\" srcset=\"http:\/\/www.lifesubsed.com\/wp-content\/uploads\/2022\/05\/logo-GREEN-SHOES-4-ALL.png 416w, http:\/\/www.lifesubsed.com\/wp-content\/uploads\/2022\/05\/logo-GREEN-SHOES-4-ALL-293x300.png 293w\" sizes=\"(max-width: 240px) 100vw, 240px\" \/><\/a>Il progetto mira a implementare, dimostrare e diffondere una metodologia di Product Environmental Footprint (PEF) per calzature e sviluppare soluzioni efficienti di ecodesign, riciclaggio e produzione, al fine di ottenere scarpe con un PEF inferiore.<\/p>\n<h2 style=\"text-align: right;\"><\/h2>\n<p>&nbsp;<\/p>\n<p>&nbsp;<\/p>\n<p>&nbsp;<\/p>","protected":false},"excerpt":{"rendered":"<p>Life CleanSed Il progetto CLEANSED si prefigge come obiettivo di dimostrare, valutare e disseminare un approccio integrato, multisettoriale ed innovativo per un impiego lungimirante e sostenibile dei sedimenti contaminati dragati dai fiumi. I sedimenti inquinati verranno dragati e trasformati da rifiuto inquinato a materiale dal rinnovato valore attraverso dei trattamenti decontaminanti specifici. Il prodotto cos\u00ec &hellip; <\/p>\n<p class=\"link-more\"><a href=\"http:\/\/www.lifesubsed.com\/?page_id=43\" class=\"more-link\">Leggi tutto<span class=\"screen-reader-text\"> &#8220;Networking&#8221;<\/span><\/a><\/p>\n","protected":false},"author":1,"featured_media":0,"parent":0,"menu_order":0,"comment_status":"closed","ping_status":"closed","template":"","meta":[],"yoast_head":"<!-- This site is optimized with the Yoast SEO plugin v16.7 - https:\/\/yoast.com\/wordpress\/plugins\/seo\/ -->\n<title>Networking - Life Subsed<\/title>\n<meta name=\"robots\" content=\"index, follow, max-snippet:-1, max-image-preview:large, max-video-preview:-1\" \/>\n<link rel=\"canonical\" href=\"http:\/\/www.lifesubsed.com\/?page_id=43\" \/>\n<meta property=\"og:locale\" content=\"it_IT\" \/>\n<meta property=\"og:type\" content=\"article\" \/>\n<meta property=\"og:title\" content=\"Networking - Life Subsed\" \/>\n<meta property=\"og:description\" content=\"Life CleanSed Il progetto CLEANSED si prefigge come obiettivo di dimostrare, valutare e disseminare un approccio integrato, multisettoriale ed innovativo per un impiego lungimirante e sostenibile dei sedimenti contaminati dragati dai fiumi. I sedimenti inquinati verranno dragati e trasformati da rifiuto inquinato a materiale dal rinnovato valore attraverso dei trattamenti decontaminanti specifici. Il prodotto cos\u00ec &hellip; Leggi tutto &quot;Networking&quot;\" \/>\n<meta property=\"og:url\" content=\"http:\/\/www.lifesubsed.com\/?page_id=43\" \/>\n<meta property=\"og:site_name\" content=\"Life Subsed\" \/>\n<meta property=\"article:modified_time\" content=\"2022-05-11T09:38:45+00:00\" \/>\n<meta property=\"og:image\" content=\"http:\/\/www.lifesubsed.com\/wp-content\/uploads\/2018\/10\/cleansed-life-project-150x150.jpg\" \/>\n<meta name=\"twitter:card\" content=\"summary_large_image\" \/>\n<meta name=\"twitter:label1\" content=\"Tempo di lettura stimato\" \/>\n\t<meta name=\"twitter:data1\" content=\"8 minutes\" \/>\n<script type=\"application\/ld+json\" class=\"yoast-schema-graph\">{\"@context\":\"https:\/\/schema.org\",\"@graph\":[{\"@type\":\"WebSite\",\"@id\":\"http:\/\/www.lifesubsed.com\/#website\",\"url\":\"http:\/\/www.lifesubsed.com\/\",\"name\":\"Life Subsed\",\"description\":\"Sustainable substrates for agriculture from dredged remediated marine sediments: from ports to pots\",\"potentialAction\":[{\"@type\":\"SearchAction\",\"target\":{\"@type\":\"EntryPoint\",\"urlTemplate\":\"http:\/\/www.lifesubsed.com\/?s={search_term_string}\"},\"query-input\":\"required name=search_term_string\"}],\"inLanguage\":\"it-IT\"},{\"@type\":\"ImageObject\",\"@id\":\"http:\/\/www.lifesubsed.com\/?page_id=43#primaryimage\",\"inLanguage\":\"it-IT\",\"url\":\"http:\/\/www.lifesubsed.com\/wp-content\/uploads\/2018\/10\/cleansed-life-project.jpg\",\"contentUrl\":\"http:\/\/www.lifesubsed.com\/wp-content\/uploads\/2018\/10\/cleansed-life-project.jpg\",\"width\":225,\"height\":225},{\"@type\":\"WebPage\",\"@id\":\"http:\/\/www.lifesubsed.com\/?page_id=43#webpage\",\"url\":\"http:\/\/www.lifesubsed.com\/?page_id=43\",\"name\":\"Networking - Life Subsed\",\"isPartOf\":{\"@id\":\"http:\/\/www.lifesubsed.com\/#website\"},\"primaryImageOfPage\":{\"@id\":\"http:\/\/www.lifesubsed.com\/?page_id=43#primaryimage\"},\"datePublished\":\"2018-10-04T08:00:32+00:00\",\"dateModified\":\"2022-05-11T09:38:45+00:00\",\"breadcrumb\":{\"@id\":\"http:\/\/www.lifesubsed.com\/?page_id=43#breadcrumb\"},\"inLanguage\":\"it-IT\",\"potentialAction\":[{\"@type\":\"ReadAction\",\"target\":[\"http:\/\/www.lifesubsed.com\/?page_id=43\"]}]},{\"@type\":\"BreadcrumbList\",\"@id\":\"http:\/\/www.lifesubsed.com\/?page_id=43#breadcrumb\",\"itemListElement\":[{\"@type\":\"ListItem\",\"position\":1,\"name\":\"Home\",\"item\":\"http:\/\/www.lifesubsed.com\/\"},{\"@type\":\"ListItem\",\"position\":2,\"name\":\"Networking\"}]}]}<\/script>\n<!-- \/ Yoast SEO plugin. -->","yoast_head_json":{"title":"Networking - Life Subsed","robots":{"index":"index","follow":"follow","max-snippet":"max-snippet:-1","max-image-preview":"max-image-preview:large","max-video-preview":"max-video-preview:-1"},"canonical":"http:\/\/www.lifesubsed.com\/?page_id=43","og_locale":"it_IT","og_type":"article","og_title":"Networking - Life Subsed","og_description":"Life CleanSed Il progetto CLEANSED si prefigge come obiettivo di dimostrare, valutare e disseminare un approccio integrato, multisettoriale ed innovativo per un impiego lungimirante e sostenibile dei sedimenti contaminati dragati dai fiumi. I sedimenti inquinati verranno dragati e trasformati da rifiuto inquinato a materiale dal rinnovato valore attraverso dei trattamenti decontaminanti specifici. Il prodotto cos\u00ec &hellip; Leggi tutto \"Networking\"","og_url":"http:\/\/www.lifesubsed.com\/?page_id=43","og_site_name":"Life Subsed","article_modified_time":"2022-05-11T09:38:45+00:00","og_image":[{"url":"http:\/\/www.lifesubsed.com\/wp-content\/uploads\/2018\/10\/cleansed-life-project-150x150.jpg"}],"twitter_card":"summary_large_image","twitter_misc":{"Tempo di lettura stimato":"8 minutes"},"schema":{"@context":"https:\/\/schema.org","@graph":[{"@type":"WebSite","@id":"http:\/\/www.lifesubsed.com\/#website","url":"http:\/\/www.lifesubsed.com\/","name":"Life Subsed","description":"Sustainable substrates for agriculture from dredged remediated marine sediments: from ports to pots","potentialAction":[{"@type":"SearchAction","target":{"@type":"EntryPoint","urlTemplate":"http:\/\/www.lifesubsed.com\/?s={search_term_string}"},"query-input":"required name=search_term_string"}],"inLanguage":"it-IT"},{"@type":"ImageObject","@id":"http:\/\/www.lifesubsed.com\/?page_id=43#primaryimage","inLanguage":"it-IT","url":"http:\/\/www.lifesubsed.com\/wp-content\/uploads\/2018\/10\/cleansed-life-project.jpg","contentUrl":"http:\/\/www.lifesubsed.com\/wp-content\/uploads\/2018\/10\/cleansed-life-project.jpg","width":225,"height":225},{"@type":"WebPage","@id":"http:\/\/www.lifesubsed.com\/?page_id=43#webpage","url":"http:\/\/www.lifesubsed.com\/?page_id=43","name":"Networking - Life Subsed","isPartOf":{"@id":"http:\/\/www.lifesubsed.com\/#website"},"primaryImageOfPage":{"@id":"http:\/\/www.lifesubsed.com\/?page_id=43#primaryimage"},"datePublished":"2018-10-04T08:00:32+00:00","dateModified":"2022-05-11T09:38:45+00:00","breadcrumb":{"@id":"http:\/\/www.lifesubsed.com\/?page_id=43#breadcrumb"},"inLanguage":"it-IT","potentialAction":[{"@type":"ReadAction","target":["http:\/\/www.lifesubsed.com\/?page_id=43"]}]},{"@type":"BreadcrumbList","@id":"http:\/\/www.lifesubsed.com\/?page_id=43#breadcrumb","itemListElement":[{"@type":"ListItem","position":1,"name":"Home","item":"http:\/\/www.lifesubsed.com\/"},{"@type":"ListItem","position":2,"name":"Networking"}]}]}},"_links":{"self":[{"href":"http:\/\/www.lifesubsed.com\/index.php?rest_route=\/wp\/v2\/pages\/43"}],"collection":[{"href":"http:\/\/www.lifesubsed.com\/index.php?rest_route=\/wp\/v2\/pages"}],"about":[{"href":"http:\/\/www.lifesubsed.com\/index.php?rest_route=\/wp\/v2\/types\/page"}],"author":[{"embeddable":true,"href":"http:\/\/www.lifesubsed.com\/index.php?rest_route=\/wp\/v2\/users\/1"}],"replies":[{"embeddable":true,"href":"http:\/\/www.lifesubsed.com\/index.php?rest_route=%2Fwp%2Fv2%2Fcomments&post=43"}],"version-history":[{"count":17,"href":"http:\/\/www.lifesubsed.com\/index.php?rest_route=\/wp\/v2\/pages\/43\/revisions"}],"predecessor-version":[{"id":1249,"href":"http:\/\/www.lifesubsed.com\/index.php?rest_route=\/wp\/v2\/pages\/43\/revisions\/1249"}],"wp:attachment":[{"href":"http:\/\/www.lifesubsed.com\/index.php?rest_route=%2Fwp%2Fv2%2Fmedia&parent=43"}],"curies":[{"name":"wp","href":"https:\/\/api.w.org\/{rel}","templated":true}]}}