{"id":47,"date":"2018-10-04T10:02:22","date_gmt":"2018-10-04T08:02:22","guid":{"rendered":"http:\/\/www.lifesubsed.com\/?page_id=47"},"modified":"2022-12-17T21:26:36","modified_gmt":"2022-12-17T20:26:36","slug":"novita-ed-eventi","status":"publish","type":"page","link":"http:\/\/www.lifesubsed.com\/?page_id=47","title":{"rendered":"Novit\u00e0 ed eventi"},"content":{"rendered":"<p><\/p>\n<h1><em>Eventi di disseminazione<\/em><\/h1>\n<ul>\n<li>LIFE SUBSED al RemTech 2022 &#8211; 21-23 settembre 2022<\/li>\n<li><a href=\"http:\/\/www.lifesubsed.com\/?p=1263\">LIFE SUBSED alla fiera Expo Jardim di Lisbona<\/a> &#8211; 7-9 aprile 2022<\/li>\n<li><a href=\"http:\/\/www.lifesubsed.com\/?p=1253\">LIFE SUBSED si presenta agli stakeholders<\/a> &#8211; marzo 2022<\/li>\n<li><a href=\"http:\/\/www.lifesubsed.com\/?p=1270\">Il corso tecnico italiano del progetto LIFE SUBSED<\/a> &#8211; 3 marzo 2022<\/li>\n<li><a href=\"http:\/\/www.lifesubsed.com\/?p=1259\">LIFE SUBSED alla fiera MyPlant di Milano<\/a> &#8211; 23-25 febbraio 2022<\/li>\n<li><a href=\"http:\/\/www.lifesubsed.com\/?p=1241\">LIFE SUBSED incontra Maria Chiara Carrozza<\/a> \u2013 21 febbraio 2022<\/li>\n<li><a href=\"http:\/\/www.lifesubsed.com\/?p=1234\">LIFE SUBSED e COP26: sedimenti ed economia circolare<\/a> &#8211; 22 dicembre 2021<\/li>\n<li><a href=\"http:\/\/www.lifesubsed.com\/?p=1145\">Il primo workshop spagnolo del progetto LIFE SUBSED<\/a> &#8211; 29 novembre 2021<\/li>\n<li><a href=\"http:\/\/www.lifesubsed.com\/?p=1060\">LIFE SUBSED alla Fiera Internazionale del Florovivaismo IFTF2021<\/a> &#8211; 3-5 novembre 2021<\/li>\n<li><a href=\"http:\/\/www.lifesubsed.com\/?p=1103\">LIFE SUBSED ad Ecomondo 2021<\/a> &#8211; 26-29 ottobre 2021<\/li>\n<li><a href=\"http:\/\/www.lifesubsed.com\/?p=1229\">LIFE SUBSED al simposio &#8220;Presente y futuro de la agricultura de la Vega Baja del Segura&#8221; in Orihuela<\/a> &#8211; 22-23 ottobre 2021<\/li>\n<li><a href=\"http:\/\/www.lifesubsed.com\/?p=1080\">LIFE SUBSED alla fiera internazionale FRUIT ATTRACTION 2021<\/a> &#8211; 05-07 ottobre 2021<\/li>\n<li><a href=\"http:\/\/www.lifesubsed.com\/?p=1121\">LIFE SUBSED a RemTech 2021<\/a> &#8211; 20-24 settembre 2021<\/li>\n<li><a href=\"http:\/\/www.lifesubsed.com\/?p=1182\">LIFE SUBSED al ISHS International Symposium on Growing Media, Soilless Cultivation, and Compost Utilization in Horticulture<\/a> &#8211; Ghent (Belgio), 22-27 agosto 2021<\/li>\n<li><a href=\"http:\/\/www.lifesubsed.com\/?p=1135\">Incontro di networking con Luca Sittoni<\/a> &#8211; 2 agosto 2021<\/li>\n<li><a href=\"http:\/\/www.lifesubsed.com\/?p=981\">Il primo workshop italiano del progetto LIFE SUBSED<\/a> &#8211; 8 luglio 2021<\/li>\n<li><a href=\"http:\/\/www.lifesubsed.com\/?p=1054\">LIFE SUBSED ha preso parte alla Seasonal School SWAP della Scuola Superiore Sant&#8217;Anna<\/a> &#8211; 30 giugno 2021<\/li>\n<li><a href=\"http:\/\/www.lifesubsed.com\/?p=1039\">LIFE SUBSED al XI International Symposium on Environmental Engineering 2021 di Torino<\/a> &#8211; 29 giugno-2 luglio 2021<\/li>\n<li><a href=\"http:\/\/www.lifesubsed.com\/?p=1043\">LIFE SUBSED alla XII conferenza internazionale SedNet (online)<\/a> &#8211; 28 giugno-2 luglio 2021<\/li>\n<li><a href=\"http:\/\/www.lifesubsed.com\/?p=1176\">LIFE SUBSED alla XIII edizione delle Giornate Scientifiche SOI<\/a> &#8211; 22-23 giugno 2021<\/li>\n<li><a href=\"http:\/\/www.lifesubsed.com\/?p=946\">Presentazione di LIFE SUBSED ai rappresentanti di Coldiretti<\/a> &#8211; 27 maggio 2021<\/li>\n<li><a href=\"http:\/\/www.lifesubsed.com\/?p=1187\">LIFE SUBSED ed il progetto &#8220;FIELD &#8211; Futuro in campo&#8221;<\/a> &#8211; 28 aprile 2021<\/li>\n<li><a href=\"http:\/\/www.lifesubsed.com\/?p=907\">Incontro con il Consorzio Italiano Compostatori e Chimica Verde<\/a> &#8211; 8 marzo 2021<\/li>\n<li><a href=\"http:\/\/www.lifesubsed.com\/?p=889\">L&#8217;autorit\u00e0 portuale di Alicante incontra LIFE SUBSED<\/a> &#8211; 15 febbraio 2021<\/li>\n<li><a href=\"http:\/\/www.lifesubsed.com\/?p=876\">I nuovi seminari per gli studenti di UMH sul progetto LIFE SUBSED<\/a> &#8211; novembre e dicembre 2020<\/li>\n<li><a href=\"http:\/\/www.lifesubsed.com\/?p=883\">Miguel Agull\u00f3 Velasco, Presidente di COITAGRA, in visita al sito dimostrativo di LIFE SUBSED<\/a> &#8211; 18 dicembre 2020<\/li>\n<li><a href=\"http:\/\/www.lifesubsed.com\/?p=868\">LIFE SUBSED al &#8220;III incontro annuale del Centro di Ricerca Orticoltura e Florovivaismo&#8221;<\/a> &#8211; 17 dicembre 2020<\/li>\n<li><a href=\"http:\/\/www.lifesubsed.com\/?p=859\">Il ministro spagnolo Antonio Luengo in visita presso il sito sperimentale di Caliplant<\/a> &#8211; 16 dicembre 2020<\/li>\n<li><a href=\"http:\/\/www.lifesubsed.com\/?p=865\">LIFE SUBSED al seminario &#8220;Riuso di sedimenti marini come substrato di crescita per l\u2019orticoltura e il florovivaismo: i progetti Life Hortised e Subsed&#8221;<\/a><\/li>\n<li><a href=\"http:\/\/www.lifesubsed.com\/?p=851\">Gli studenti di UMH in visita ai siti sperimentali di LIFE SUBSED<\/a> &#8211; 16 ottobre 2020<\/li>\n<li><a href=\"http:\/\/www.lifesubsed.com\/?p=848\">Il direttore generale di Symborg in visita presso i siti sperimentali di LIFE SUBSED<\/a> &#8211; 5 ottobre 2020<\/li>\n<li><a href=\"http:\/\/www.lifesubsed.com\/?p=719\">LIFE Subsed all&#8217;IPM ESSEN 2020<\/a> &#8211; 22-25 gennaio 2020<\/li>\n<li><a href=\"http:\/\/www.lifesubsed.com\/?p=713\">LIFE Subsed presentato agli studenti di DAGRI-UNIFI (Universit\u00e0 di Firenze) in visita alla sede di Flora Toscana di Pescia<\/a> &#8211; 12 dicembre 2019<\/li>\n<li><a href=\"http:\/\/www.lifesubsed.com\/?p=656\">LIFE Subsed presso l&#8217;Autorit\u00e0 Irlandese per lo sviluppo dell&#8217;agricoltura e degli alimenti<\/a> &#8211; 1-8 dicembre 2019<\/li>\n<li><a href=\"http:\/\/www.lifesubsed.com\/?p=709\">LIFE Subsed presentato ad una delegazione di ricercatori cinesi dell&#8217;Accademia delle Scienze Agrarie e Forestali di Pechino in visita al CREA di Pescia nell&#8217;ambito di un progetto di cooperazione internazionale<\/a>\u00a0&#8211; 28 novembre 2019<\/li>\n<li><a href=\"http:\/\/www.lifesubsed.com\/?p=704\">LIFE Subsed all&#8217;International Floriculture Trade Fair 2019 di Vijfhuizen (Olanda)<\/a> &#8211; 6-8 November 2019<\/li>\n<li><a href=\"http:\/\/www.lifesubsed.com\/?p=641\">LIFE Subsed al BRIGHT 2019 di Pisa<\/a> &#8211; 27 settembre 2019<\/li>\n<li><a href=\"http:\/\/www.lifesubsed.com\/?p=630\">LIFE Subsed al RemTech di Ferrara<\/a> &#8211; 18-20 settembre 2019<\/li>\n<li><a href=\"http:\/\/www.lifesubsed.com\/?p=701\">LIFE Subsed al III International Symposium on Growing Media, Composting and Substrate Analysis tenutosi a Milano<\/a> &#8211; 24-28 giugno 2019<\/li>\n<li><a href=\"http:\/\/www.lifesubsed.com\/?p=696\">LIFE Subsed all&#8217;evento organizzato per il Fascination of Plants Day a Pescia<\/a> &#8211; 30 maggio 2019<\/li>\n<li><a href=\"http:\/\/www.lifesubsed.com\/?p=690\">LIFE Subsed alla mostra Naturalitas svoltasi presso l&#8217;Istituto tecnico agrario &#8220;D. Anzillotti&#8221; di Pescia<\/a> &#8211; 13-14 aprile 2019<\/li>\n<li><a href=\"http:\/\/www.lifesubsed.com\/?p=580\">LIFE Subsed alla Conferenza di Istituto CNR-IRET presso la Sede Centrale di Roma<\/a> &#8211; 9-10 aprile 2019<\/li>\n<li><a href=\"http:\/\/www.lifesubsed.com\/?p=600\">LIFE Subsed al corso \u201cWater management across agro-ecosystems\u201d a Pisa<\/a> &#8211; 26-29 marzo 2019<\/li>\n<li><a href=\"http:\/\/www.lifesubsed.com\/?p=615\">LIFE Subsed al III congresso nazionale &#8220;Fruta de Hueso&#8221; in Murcia<\/a> &#8211; 6 marzo 2019<\/li>\n<li><a href=\"http:\/\/www.lifesubsed.com\/?p=536\">LIFE Subsed al seminario &#8220;Fitotecnologie per la Gestione e la bonifica di siti contaminati: esempi di buone pratiche&#8221; tenutosi a Pesaro<\/a> &#8211; 04 marzo 2019<\/li>\n<li><a href=\"http:\/\/www.lifesubsed.com\/?p=526\">LIFE Subsed al Fruit Logistica di Berlino<\/a> &#8211; 06-08 febbraio 2019<\/li>\n<li><a href=\"http:\/\/www.lifesubsed.com\/?p=507\">Incontro con Francesco Bellino, Funzionario e Agronomo della Regione Puglia, presso la sede della Regione a Bari<\/a> &#8211; 31 gennaio 2019<\/li>\n<li><a href=\"http:\/\/www.lifesubsed.com\/?p=519\">LIFE Subsed alla Agroexpo Fair<\/a> &#8211; 23-26 gennaio 2019<\/li>\n<li><a href=\"http:\/\/www.lifesubsed.com\/?p=476\">LIFE Subsed all&#8217;IPM ESSEN 2019<\/a> &#8211; 22-25 gennaio 2019<\/li>\n<li><a href=\"http:\/\/www.lifesubsed.com\/?p=459\">LIFE Subsed all&#8217;incontro di fine anno di Flora Toscana a Pescia (Italia)<\/a> &#8211; 21 dicembre 2018<\/li>\n<li><a href=\"http:\/\/www.lifesubsed.com\/?p=445\">LIFE Subsed al convegno &#8220;Sfide e opportunit\u00e0 di ricerca in orticoltura e florovivaismo: il ruolo del CREA&#8221; tenutosi a Pontecagnano (Italia)<\/a> &#8211; 13-14 dicembre 2018<\/li>\n<li><a href=\"http:\/\/www.lifesubsed.com\/?p=416\">LIFE Subsed all&#8217;evento della V Scuola Nazionale di Monitoraggio Ambientale, presso Taranto (Italia)<\/a> &#8211; 29-30 novembre 2018<\/li>\n<li><a href=\"http:\/\/www.lifesubsed.com\/?p=429\">Presentazione del progetto LIFE Subsed al Shaanxi Fruit Industrial Group e agli studenti dell&#8217;Universit\u00e0 Miguel Hern\u00e1ndez<\/a> &#8211; 23 novembre 2018<\/li>\n<li><a href=\"http:\/\/www.lifesubsed.com\/?p=424\">LIFE Subsed al SYA Orihuela 2018, in Spagna<\/a> &#8211; 22 novembre 2018<\/li>\n<li><a href=\"http:\/\/www.lifesubsed.com\/?p=421\">LIFE Subsed presso l&#8217;Universit\u00e0 Bioterra di Bucarest (Romania)<\/a> &#8211; 14-16 novembre 2018<\/li>\n<li><a href=\"http:\/\/www.lifesubsed.com\/?p=286\">LIFE Subsed all&#8217;IndTech 2018 di Vienna (Austria)<\/a> &#8211; 30-31 ottobre 2018<\/li>\n<\/ul>\n<p><!--more--><\/p>\n<h1><em>Eventi di progetto<\/em><\/h1>\n<ul>\n<li><a href=\"http:\/\/www.lifesubsed.com\/?p=1006\">Meeting di monitoraggio per i 30 mesi di progetto<\/a> \u2013 22 aprile 2021<\/li>\n<li><a href=\"http:\/\/www.lifesubsed.com\/?p=817\">Meeting di coordinamento online per i 24 mesi di progetto<\/a> &#8211; 15 settembre 2020<\/li>\n<li><a href=\"http:\/\/www.lifesubsed.com\/?p=767\">Meeting di monitoraggio online per i 18 mesi di progetto \u2013 27 marzo 2020<\/a><\/li>\n<li><a href=\"http:\/\/www.lifesubsed.com\/?p=544\">Meeting di monitoraggio per i 6 mesi di progetto presso i locali di Flora Toscana, a Pescia<\/a> \u2013 21 marzo 2019<\/li>\n<li><a href=\"http:\/\/www.lifesubsed.com\/?p=305\">Kick-off europeo dei progetti LIFE2017 a Bruxelles (Belgio)<\/a> &#8211; 06 novembre 2018<\/li>\n<li><a href=\"http:\/\/www.lifesubsed.com\/?p=178\">Kick-off meeting presso Flora Toscana, Pescia<\/a> &#8211; 5 ottobre 2018<\/li>\n<\/ul>\n<h1><em>Pubblicazioni scientifiche<\/em><\/h1>\n<ul>\n<li><a href=\"https:\/\/www.mdpi.com\/2073-4395\/12\/5\/1060\">Metabolomic Profile of Citrus limon Leaves (\u2018Verna\u2019 Variety) by 1H-NMR and Multivariate Analysis Technique<\/a> &#8211; Pablo Melgarejo Moreno, D\u00e1maris N\u00fa\u00f1ez-G\u00f3mez, Juan Jos\u00e9 Mart\u00ednez-Nicol\u00e1s, Francisca Hern\u00e1ndez-Garc\u00eda, Rafael Mart\u00ednez-Font, Vicente Lid\u00f3n, Francisco Garcia-Sanchez, Pilar Legua<\/li>\n<li>Wild strawberry production on innovative sediment-based growing media: yield and food safety evaluation &#8211; G. Chini, D. Bonetti, F. Tozzi, M. Antonetti, S. Pecchioli, G. Burchi, G. Masciandaro, S. Nin<\/li>\n<li>Effect of sediment-based growing media on cut flower production of calla lily &#8211;\u00a0M. Castellani, D. Prisa, M. Antonetti, F. Tozzi, D. Bonetti, G. Burchi, C. Macci,<br \/>\nS. Nin<\/li>\n<li><a href=\"https:\/\/sednet.org\/wp-content\/uploads\/2021\/07\/Abstr-CE-2.12.-S.-Nin.pdf\">Developing patterns in Prunus laurocerasus grown on sediment enriched<\/a><br \/>\n<a href=\"https:\/\/sednet.org\/wp-content\/uploads\/2021\/07\/Abstr-CE-2.12.-S.-Nin.pdf\">substrates<\/a> &#8211; F. Tozzi, M. Antonetti, D. Prisa, G. Burchi, A. Turchi, C. Macci, E. Peruzzi, S. Nin<\/li>\n<li><span style=\"text-decoration: underline;\">Landfarming to valorize phytoremediated marine sediments for their reuse In nursery \u201cLIFE Subsed LIFE17 ENV\/IT\/000347\u201d<\/span>\u00a0&#8211; Macci, S. Doni, E. Peruzzi, F. Vannucchi, M. Castellani, G. Masciandaro (abstract per il XI International Symposium on Environmental Engineering)<\/li>\n<li><span style=\"text-decoration: underline;\">Recovery and environmental recycling of sediments: CNR-IRET Pisa experience<\/span>\u00a0&#8211; Macci, S. Doni, E. Peruzzi, F. Vannucchi, S. Lucchetti, M. Castellani, G. Masciandaro (abstract per Sednet 2021, Lille University and Scientific Centre, Villeneuve d&#8217;Ascq, France).<\/li>\n<\/ul>\n<h1><em>Articoli e press releases<\/em><\/h1>\n<ul>\n<li><span id=\"parent-fieldname-title\" class=\"\"><a href=\"http:\/\/www.arpat.toscana.it\/notizie\/notizie-brevi\/2018\/dai-sedimenti-dragati-alla-coltivazione-di-specie-alimentari\">Dai sedimenti dragati alla coltivazione di specie alimentari<\/a> &#8211; notiziario ARPAT<\/span><\/li>\n<li class=\"documentFirstHeading\"><span id=\"parent-fieldname-title\" class=\"\"><\/span><span id=\"parent-fieldname-title\" class=\"\"><\/span><a href=\"http:\/\/www.lifesubsed.com\/wp-content\/uploads\/2019\/01\/LIFE-SUBSED-Bioterra-35-2018-red.pdf\">Sustainable substrates for agriculture from dredged remediated marine sediments: the experience of the Life Subsed project<\/a> &#8211; Bioterra Bulletin of scientific information, Nr. 35 January &#8211; June 2018<\/li>\n<li class=\"documentFirstHeading\"><a href=\"https:\/\/www.floraldaily.com\/article\/9073053\/we-want-to-turn-waste-into-a-supply\/\">\u201cWe want to turn waste into a supply\u201d<\/a> &#8211; Floral Daily<\/li>\n<li class=\"documentFirstHeading\"><a href=\"http:\/\/www.lifesubsed.com\/wp-content\/uploads\/2019\/02\/LineaVerde010219.pdf\">&#8220;Noi giardinieri possiamo fare clima!&#8221;<\/a> &#8211; Lineaverde Gen\/Feb 2019<\/li>\n<li>&#8220;<a href=\"http:\/\/www.lifesubsed.com\/wp-content\/uploads\/2019\/07\/Escaneo1163-2-5.jpg\" data-rel=\"lightbox-image-0\" data-rl_title=\"\" data-rl_caption=\"\" title=\"\">Caliplant, un referente en el compromiso con una agricultura sostenibile<\/a>&#8221; &#8211; Fruta de Hueso Journal<\/li>\n<li>&#8220;<a href=\"http:\/\/www.lifesubsed.com\/wp-content\/uploads\/2020\/09\/Il-sole-24-ore.pdf\">L&#8217;economia circolare dal vino ai sedimenti di dragaggio<\/a>&#8221; &#8211; Sole24Ore &#8211; giugno 2020<\/li>\n<li>&#8220;<a href=\"http:\/\/www.lifesubsed.com\/wp-content\/uploads\/2020\/09\/Articolo-colture-protette.pdf\">Il sedimento marino per i nuovi substrati<\/a>&#8221; &#8211; Colture protette n. 08 &#8211; settembre 2020<\/li>\n<li>&#8220;<a href=\"https:\/\/alicanteplaza.es\/la-epso-investiga-la-posibilidad-de-usar-sedimento-marino-dragado-como-sustrato-para-citricos\">La EPSO investiga la posibilidad de usar sedimento marino dragado como sustrato para c\u00edtricos<\/a>&#8221; \u2013 Alicante Plaza (gennaio 2021)<\/li>\n<li><a href=\"https:\/\/www.lanazione.it\/pistoia\/cronaca\/agricoltura-e-substrati-sostenibili-il-workshop-di-flora-toscana-1.6435208\">Agricoltura e substrati sostenibili. Il workshop di &#8220;Flora Toscana<\/a>&#8221; &#8211; La Nazione &#8211; giugno 2021<\/li>\n<li>&#8220;<a href=\"https:\/\/agronotizie.imagelinenetwork.com\/vivaismo-e-sementi\/2021\/07\/06\/subsed-i-terricci-che-vengono-dal-mare\/70981\">Subsed, i &#8220;terricci&#8221; che vengono dal mare<\/a>&#8221; &#8211; Agronotizie, luglio 2021<\/li>\n<li>&#8220;<a href=\"https:\/\/www.larazon.es\/comunidad-valenciana\/20220206\/m3mld5yovvhshk7ugfla7osq2a.html\">Los molestos sedimentos marinos de los puertos, \u00bffuturo sustrato de frutales?<\/a>&#8221; &#8211; La Raz\u00f3n, 6 febbraio 2022<\/li>\n<li>&#8220;<a href=\"https:\/\/leggimi.lineaverdemagazine.com\/LV_int_2022\/20\/\">Sustainable substrates for agriculture from dredged remediated marine sediments<\/a>&#8221; &#8211; Lineaverde International, February 2022, pp 20-21<\/li>\n<\/ul>\n<p><\/p>","protected":false},"excerpt":{"rendered":"<p>Eventi di disseminazione LIFE SUBSED al RemTech 2022 &#8211; 21-23 settembre 2022 LIFE SUBSED alla fiera Expo Jardim di Lisbona &#8211; 7-9 aprile 2022 LIFE SUBSED si presenta agli stakeholders &#8211; marzo 2022 Il corso tecnico italiano del progetto LIFE SUBSED &#8211; 3 marzo 2022 LIFE SUBSED alla fiera MyPlant di Milano &#8211; 23-25 febbraio &hellip; <\/p>\n<p class=\"link-more\"><a href=\"http:\/\/www.lifesubsed.com\/?page_id=47\" class=\"more-link\">Leggi tutto<span class=\"screen-reader-text\"> &#8220;Novit\u00e0 ed eventi&#8221;<\/span><\/a><\/p>\n","protected":false},"author":1,"featured_media":0,"parent":0,"menu_order":0,"comment_status":"closed","ping_status":"closed","template":"","meta":[],"yoast_head":"<!-- This site is optimized with the Yoast SEO plugin v16.7 - https:\/\/yoast.com\/wordpress\/plugins\/seo\/ -->\n<title>Novit\u00e0 ed eventi - Life Subsed<\/title>\n<meta name=\"robots\" content=\"index, follow, max-snippet:-1, max-image-preview:large, max-video-preview:-1\" \/>\n<link rel=\"canonical\" href=\"http:\/\/www.lifesubsed.com\/?page_id=47\" \/>\n<meta property=\"og:locale\" content=\"it_IT\" \/>\n<meta property=\"og:type\" content=\"article\" \/>\n<meta property=\"og:title\" content=\"Novit\u00e0 ed eventi - Life Subsed\" \/>\n<meta property=\"og:description\" content=\"Eventi di disseminazione LIFE SUBSED al RemTech 2022 &#8211; 21-23 settembre 2022 LIFE SUBSED alla fiera Expo Jardim di Lisbona &#8211; 7-9 aprile 2022 LIFE SUBSED si presenta agli stakeholders &#8211; marzo 2022 Il corso tecnico italiano del progetto LIFE SUBSED &#8211; 3 marzo 2022 LIFE SUBSED alla fiera MyPlant di Milano &#8211; 23-25 febbraio &hellip; Leggi tutto &quot;Novit\u00e0 ed eventi&quot;\" \/>\n<meta property=\"og:url\" content=\"http:\/\/www.lifesubsed.com\/?page_id=47\" \/>\n<meta property=\"og:site_name\" content=\"Life Subsed\" \/>\n<meta property=\"article:modified_time\" content=\"2022-12-17T20:26:36+00:00\" \/>\n<meta name=\"twitter:card\" content=\"summary_large_image\" \/>\n<meta name=\"twitter:label1\" content=\"Tempo di lettura stimato\" \/>\n\t<meta name=\"twitter:data1\" content=\"6 minutes\" \/>\n<script type=\"application\/ld+json\" class=\"yoast-schema-graph\">{\"@context\":\"https:\/\/schema.org\",\"@graph\":[{\"@type\":\"WebSite\",\"@id\":\"http:\/\/www.lifesubsed.com\/#website\",\"url\":\"http:\/\/www.lifesubsed.com\/\",\"name\":\"Life Subsed\",\"description\":\"Sustainable substrates for agriculture from dredged remediated marine sediments: from ports to pots\",\"potentialAction\":[{\"@type\":\"SearchAction\",\"target\":{\"@type\":\"EntryPoint\",\"urlTemplate\":\"http:\/\/www.lifesubsed.com\/?s={search_term_string}\"},\"query-input\":\"required name=search_term_string\"}],\"inLanguage\":\"it-IT\"},{\"@type\":\"WebPage\",\"@id\":\"http:\/\/www.lifesubsed.com\/?page_id=47#webpage\",\"url\":\"http:\/\/www.lifesubsed.com\/?page_id=47\",\"name\":\"Novit\\u00e0 ed eventi - Life Subsed\",\"isPartOf\":{\"@id\":\"http:\/\/www.lifesubsed.com\/#website\"},\"datePublished\":\"2018-10-04T08:02:22+00:00\",\"dateModified\":\"2022-12-17T20:26:36+00:00\",\"breadcrumb\":{\"@id\":\"http:\/\/www.lifesubsed.com\/?page_id=47#breadcrumb\"},\"inLanguage\":\"it-IT\",\"potentialAction\":[{\"@type\":\"ReadAction\",\"target\":[\"http:\/\/www.lifesubsed.com\/?page_id=47\"]}]},{\"@type\":\"BreadcrumbList\",\"@id\":\"http:\/\/www.lifesubsed.com\/?page_id=47#breadcrumb\",\"itemListElement\":[{\"@type\":\"ListItem\",\"position\":1,\"name\":\"Home\",\"item\":\"http:\/\/www.lifesubsed.com\/\"},{\"@type\":\"ListItem\",\"position\":2,\"name\":\"Novit\\u00e0 ed eventi\"}]}]}<\/script>\n<!-- \/ Yoast SEO plugin. -->","yoast_head_json":{"title":"Novit\u00e0 ed eventi - Life Subsed","robots":{"index":"index","follow":"follow","max-snippet":"max-snippet:-1","max-image-preview":"max-image-preview:large","max-video-preview":"max-video-preview:-1"},"canonical":"http:\/\/www.lifesubsed.com\/?page_id=47","og_locale":"it_IT","og_type":"article","og_title":"Novit\u00e0 ed eventi - Life Subsed","og_description":"Eventi di disseminazione LIFE SUBSED al RemTech 2022 &#8211; 21-23 settembre 2022 LIFE SUBSED alla fiera Expo Jardim di Lisbona &#8211; 7-9 aprile 2022 LIFE SUBSED si presenta agli stakeholders &#8211; marzo 2022 Il corso tecnico italiano del progetto LIFE SUBSED &#8211; 3 marzo 2022 LIFE SUBSED alla fiera MyPlant di Milano &#8211; 23-25 febbraio &hellip; Leggi tutto \"Novit\u00e0 ed eventi\"","og_url":"http:\/\/www.lifesubsed.com\/?page_id=47","og_site_name":"Life Subsed","article_modified_time":"2022-12-17T20:26:36+00:00","twitter_card":"summary_large_image","twitter_misc":{"Tempo di lettura stimato":"6 minutes"},"schema":{"@context":"https:\/\/schema.org","@graph":[{"@type":"WebSite","@id":"http:\/\/www.lifesubsed.com\/#website","url":"http:\/\/www.lifesubsed.com\/","name":"Life Subsed","description":"Sustainable substrates for agriculture from dredged remediated marine sediments: from ports to pots","potentialAction":[{"@type":"SearchAction","target":{"@type":"EntryPoint","urlTemplate":"http:\/\/www.lifesubsed.com\/?s={search_term_string}"},"query-input":"required name=search_term_string"}],"inLanguage":"it-IT"},{"@type":"WebPage","@id":"http:\/\/www.lifesubsed.com\/?page_id=47#webpage","url":"http:\/\/www.lifesubsed.com\/?page_id=47","name":"Novit\u00e0 ed eventi - Life Subsed","isPartOf":{"@id":"http:\/\/www.lifesubsed.com\/#website"},"datePublished":"2018-10-04T08:02:22+00:00","dateModified":"2022-12-17T20:26:36+00:00","breadcrumb":{"@id":"http:\/\/www.lifesubsed.com\/?page_id=47#breadcrumb"},"inLanguage":"it-IT","potentialAction":[{"@type":"ReadAction","target":["http:\/\/www.lifesubsed.com\/?page_id=47"]}]},{"@type":"BreadcrumbList","@id":"http:\/\/www.lifesubsed.com\/?page_id=47#breadcrumb","itemListElement":[{"@type":"ListItem","position":1,"name":"Home","item":"http:\/\/www.lifesubsed.com\/"},{"@type":"ListItem","position":2,"name":"Novit\u00e0 ed eventi"}]}]}},"_links":{"self":[{"href":"http:\/\/www.lifesubsed.com\/index.php?rest_route=\/wp\/v2\/pages\/47"}],"collection":[{"href":"http:\/\/www.lifesubsed.com\/index.php?rest_route=\/wp\/v2\/pages"}],"about":[{"href":"http:\/\/www.lifesubsed.com\/index.php?rest_route=\/wp\/v2\/types\/page"}],"author":[{"embeddable":true,"href":"http:\/\/www.lifesubsed.com\/index.php?rest_route=\/wp\/v2\/users\/1"}],"replies":[{"embeddable":true,"href":"http:\/\/www.lifesubsed.com\/index.php?rest_route=%2Fwp%2Fv2%2Fcomments&post=47"}],"version-history":[{"count":93,"href":"http:\/\/www.lifesubsed.com\/index.php?rest_route=\/wp\/v2\/pages\/47\/revisions"}],"predecessor-version":[{"id":1342,"href":"http:\/\/www.lifesubsed.com\/index.php?rest_route=\/wp\/v2\/pages\/47\/revisions\/1342"}],"wp:attachment":[{"href":"http:\/\/www.lifesubsed.com\/index.php?rest_route=%2Fwp%2Fv2%2Fmedia&parent=47"}],"curies":[{"name":"wp","href":"https:\/\/api.w.org\/{rel}","templated":true}]}}